{"id":6509,"date":"2022-10-07T18:03:03","date_gmt":"2022-10-07T18:03:03","guid":{"rendered":"https:\/\/lojadeescadas.com.br\/product\/bandera-sintese\/"},"modified":"2024-04-12T17:28:13","modified_gmt":"2024-04-12T17:28:13","slug":"bandera-sintese","status":"publish","type":"product","link":"https:\/\/grupo-sintese.com\/es\/producto\/bandera-sintese\/","title":{"rendered":"Bandera S\u00edntese"},"content":{"rendered":"<p>Bandera es un Equipo de Protecci\u00f3n Colectiva (EPC), sirve como se\u00f1al para prevenir accidentes.<\/p>\n<p>El uso de la bandera de escalera es espec\u00edficamente para se\u00f1alar cuando la escalera est\u00e1 siendo transportada por encima de los veh\u00edculos, o por el profesional al lugar de uso.<\/p>\n","protected":false},"excerpt":{"rendered":"<p>Bandera es un Equipo de Protecci\u00f3n Colectiva (EPC), sirve como se\u00f1al para prevenir accidentes. El uso de la bandera de escalera es espec\u00edficamente para se\u00f1alar cuando la escalera est\u00e1 siendo transportada por encima de los veh\u00edculos, o por el profesional al lugar de uso.<\/p>\n","protected":false},"featured_media":3974,"comment_status":"open","ping_status":"closed","template":"","meta":{"_acf_changed":false,"_et_pb_use_builder":"off","_et_pb_old_content":"Bandera es un Equipo de Protecci\u00f3n Colectiva (EPC), sirve como se\u00f1al para prevenir accidentes.\n\nEl uso de la bandera de escalera es espec\u00edficamente para se\u00f1alar cuando la escalera est\u00e1 siendo transportada por encima de los veh\u00edculos, o por el profesional al lugar de uso.","_et_gb_content_width":""},"product_brand":[],"product_cat":[154],"product_tag":[],"class_list":{"0":"post-6509","1":"product","2":"type-product","3":"status-publish","4":"has-post-thumbnail","6":"product_cat-accesorios","8":"first","9":"instock","10":"taxable","11":"shipping-taxable","12":"purchasable","13":"product-type-simple"},"acf":[],"_links":{"self":[{"href":"https:\/\/grupo-sintese.com\/es\/wp-json\/wp\/v2\/product\/6509","targetHints":{"allow":["GET"]}}],"collection":[{"href":"https:\/\/grupo-sintese.com\/es\/wp-json\/wp\/v2\/product"}],"about":[{"href":"https:\/\/grupo-sintese.com\/es\/wp-json\/wp\/v2\/types\/product"}],"replies":[{"embeddable":true,"href":"https:\/\/grupo-sintese.com\/es\/wp-json\/wp\/v2\/comments?post=6509"}],"wp:featuredmedia":[{"embeddable":true,"href":"https:\/\/grupo-sintese.com\/es\/wp-json\/wp\/v2\/media\/3974"}],"wp:attachment":[{"href":"https:\/\/grupo-sintese.com\/es\/wp-json\/wp\/v2\/media?parent=6509"}],"wp:term":[{"taxonomy":"product_brand","embeddable":true,"href":"https:\/\/grupo-sintese.com\/es\/wp-json\/wp\/v2\/product_brand?post=6509"},{"taxonomy":"product_cat","embeddable":true,"href":"https:\/\/grupo-sintese.com\/es\/wp-json\/wp\/v2\/product_cat?post=6509"},{"taxonomy":"product_tag","embeddable":true,"href":"https:\/\/grupo-sintese.com\/es\/wp-json\/wp\/v2\/product_tag?post=6509"}],"curies":[{"name":"wp","href":"https:\/\/api.w.org\/{rel}","templated":true}]}}