{"id":6507,"date":"2022-10-07T18:03:03","date_gmt":"2022-10-07T18:03:03","guid":{"rendered":"https:\/\/lojadeescadas.com.br\/product\/sujetadores-de-resorte-de-aluminio-izquierda\/"},"modified":"2024-04-12T17:28:21","modified_gmt":"2024-04-12T17:28:21","slug":"catraca-de-aluminio-esquerda","status":"publish","type":"product","link":"https:\/\/grupo-sintese.com\/es\/producto\/catraca-de-aluminio-esquerda\/","title":{"rendered":"Sujetadores de resorte de Aluminio Izquierda"},"content":{"rendered":"<p>Sujetadores de resorte de aluminio apto para escaleras de tijera \u201cD\u201d.<\/p>\n<p>El trinquete de aluminio es una pieza met\u00e1lica con muelles de acero, un soporte de aleaci\u00f3n de aluminio y un trinquete de nailon reforzado con fibra de vidrio.<\/p>\n<p>Los sujetadores de resorte son accesorios esenciales que se utilizan para ajustar y bloquear la extensi\u00f3n de las escaleras de fibra de vidrio. La conservaci\u00f3n de los sujetadores de resorte es de suma importancia para promover la seguridad del operador y el correcto funcionamiento de la escalera.<\/p>\n","protected":false},"excerpt":{"rendered":"<p>El sujetador de resorte de aluminio es una pieza met\u00e1lica con pestillos de acero, soporte de aleaci\u00f3n de aluminio, leng\u00fceta de nylon reforzada con fibra de vidrio.<\/p>\n<p>Los sujetadores de resorte son accesorios esenciales que se utilizan para ajustar y bloquear la extensi\u00f3n de las escaleras de fibra de vidrio. La conservaci\u00f3n de los sujetadores de resorte es de suma importancia para promover la seguridad del operador y el correcto funcionamiento de la escalera.<\/p>\n","protected":false},"featured_media":13292,"comment_status":"open","ping_status":"closed","template":"","meta":{"_acf_changed":false,"_et_pb_use_builder":"","_et_pb_old_content":"","_et_gb_content_width":""},"product_brand":[],"product_cat":[154],"product_tag":[],"class_list":{"0":"post-6507","1":"product","2":"type-product","3":"status-publish","4":"has-post-thumbnail","6":"product_cat-accesorios","8":"first","9":"instock","10":"taxable","11":"shipping-taxable","12":"purchasable","13":"product-type-simple"},"acf":[],"_links":{"self":[{"href":"https:\/\/grupo-sintese.com\/es\/wp-json\/wp\/v2\/product\/6507","targetHints":{"allow":["GET"]}}],"collection":[{"href":"https:\/\/grupo-sintese.com\/es\/wp-json\/wp\/v2\/product"}],"about":[{"href":"https:\/\/grupo-sintese.com\/es\/wp-json\/wp\/v2\/types\/product"}],"replies":[{"embeddable":true,"href":"https:\/\/grupo-sintese.com\/es\/wp-json\/wp\/v2\/comments?post=6507"}],"wp:featuredmedia":[{"embeddable":true,"href":"https:\/\/grupo-sintese.com\/es\/wp-json\/wp\/v2\/media\/13292"}],"wp:attachment":[{"href":"https:\/\/grupo-sintese.com\/es\/wp-json\/wp\/v2\/media?parent=6507"}],"wp:term":[{"taxonomy":"product_brand","embeddable":true,"href":"https:\/\/grupo-sintese.com\/es\/wp-json\/wp\/v2\/product_brand?post=6507"},{"taxonomy":"product_cat","embeddable":true,"href":"https:\/\/grupo-sintese.com\/es\/wp-json\/wp\/v2\/product_cat?post=6507"},{"taxonomy":"product_tag","embeddable":true,"href":"https:\/\/grupo-sintese.com\/es\/wp-json\/wp\/v2\/product_tag?post=6507"}],"curies":[{"name":"wp","href":"https:\/\/api.w.org\/{rel}","templated":true}]}}