{"id":6498,"date":"2022-10-07T18:03:04","date_gmt":"2022-10-07T18:03:04","guid":{"rendered":"https:\/\/lojadeescadas.com.br\/product\/guia-l\/"},"modified":"2024-04-12T17:28:06","modified_gmt":"2024-04-12T17:28:06","slug":"guia-l","status":"publish","type":"product","link":"https:\/\/grupo-sintese.com\/es\/producto\/guia-l\/","title":{"rendered":"Gu\u00eda \u00abL\u00bb"},"content":{"rendered":"<p>Tiene la funci\u00f3n de unir los perfiles (fijo y m\u00f3vil) dando mayor soporte.<\/p>\n<p>&#8211; Aleaci\u00f3n de aluminio;<br \/>\n&#8211; Ancho 24 mm;<br \/>\n&#8211; Longitud 146 mm;<br \/>\n&#8211; Peso 1.524 kg.<\/p>\n","protected":false},"excerpt":{"rendered":"<p>Tiene la funci\u00f3n de unir los perfiles (fijo y m\u00f3vil) dando mayor soporte. &#8211; Aleaci\u00f3n de aluminio; &#8211; Ancho 24 mm; &#8211; Longitud 146 mm; &#8211; Peso 1.524 kg.<\/p>\n","protected":false},"featured_media":6733,"comment_status":"open","ping_status":"closed","template":"","meta":{"_acf_changed":false,"_et_pb_use_builder":"","_et_pb_old_content":"","_et_gb_content_width":""},"product_brand":[],"product_cat":[154],"product_tag":[],"class_list":{"0":"post-6498","1":"product","2":"type-product","3":"status-publish","4":"has-post-thumbnail","6":"product_cat-accesorios","8":"first","9":"instock","10":"taxable","11":"shipping-taxable","12":"purchasable","13":"product-type-simple"},"acf":[],"_links":{"self":[{"href":"https:\/\/grupo-sintese.com\/es\/wp-json\/wp\/v2\/product\/6498","targetHints":{"allow":["GET"]}}],"collection":[{"href":"https:\/\/grupo-sintese.com\/es\/wp-json\/wp\/v2\/product"}],"about":[{"href":"https:\/\/grupo-sintese.com\/es\/wp-json\/wp\/v2\/types\/product"}],"replies":[{"embeddable":true,"href":"https:\/\/grupo-sintese.com\/es\/wp-json\/wp\/v2\/comments?post=6498"}],"wp:featuredmedia":[{"embeddable":true,"href":"https:\/\/grupo-sintese.com\/es\/wp-json\/wp\/v2\/media\/6733"}],"wp:attachment":[{"href":"https:\/\/grupo-sintese.com\/es\/wp-json\/wp\/v2\/media?parent=6498"}],"wp:term":[{"taxonomy":"product_brand","embeddable":true,"href":"https:\/\/grupo-sintese.com\/es\/wp-json\/wp\/v2\/product_brand?post=6498"},{"taxonomy":"product_cat","embeddable":true,"href":"https:\/\/grupo-sintese.com\/es\/wp-json\/wp\/v2\/product_cat?post=6498"},{"taxonomy":"product_tag","embeddable":true,"href":"https:\/\/grupo-sintese.com\/es\/wp-json\/wp\/v2\/product_tag?post=6498"}],"curies":[{"name":"wp","href":"https:\/\/api.w.org\/{rel}","templated":true}]}}