{"id":6497,"date":"2022-10-07T18:03:04","date_gmt":"2022-10-07T18:03:04","guid":{"rendered":"https:\/\/lojadeescadas.com.br\/product\/guia-con-abas\/"},"modified":"2024-04-12T17:28:10","modified_gmt":"2024-04-12T17:28:10","slug":"guia-com-abas","status":"publish","type":"product","link":"https:\/\/grupo-sintese.com\/es\/producto\/guia-com-abas\/","title":{"rendered":"Gu\u00eda con pesta\u00f1as de acabado\/apilado a la izquierda"},"content":{"rendered":"<p>Tiene la funci\u00f3n de unir los perfiles (fijos y m\u00f3viles), adem\u00e1s de permitir el apilamiento de las escaleras con perfecta separaci\u00f3n entre los perfiles.<\/p>\n","protected":false},"excerpt":{"rendered":"<p>Tiene la funci\u00f3n de unir los perfiles (fijos y m\u00f3viles), adem\u00e1s de permitir el apilamiento de las escaleras con perfecta separaci\u00f3n entre los perfiles.<\/p>\n","protected":false},"featured_media":10561,"comment_status":"open","ping_status":"closed","template":"","meta":{"_acf_changed":false,"_et_pb_use_builder":"","_et_pb_old_content":"","_et_gb_content_width":""},"product_brand":[],"product_cat":[154],"product_tag":[],"class_list":{"0":"post-6497","1":"product","2":"type-product","3":"status-publish","4":"has-post-thumbnail","6":"product_cat-accesorios","8":"first","9":"instock","10":"taxable","11":"shipping-taxable","12":"purchasable","13":"product-type-simple"},"acf":[],"_links":{"self":[{"href":"https:\/\/grupo-sintese.com\/es\/wp-json\/wp\/v2\/product\/6497","targetHints":{"allow":["GET"]}}],"collection":[{"href":"https:\/\/grupo-sintese.com\/es\/wp-json\/wp\/v2\/product"}],"about":[{"href":"https:\/\/grupo-sintese.com\/es\/wp-json\/wp\/v2\/types\/product"}],"replies":[{"embeddable":true,"href":"https:\/\/grupo-sintese.com\/es\/wp-json\/wp\/v2\/comments?post=6497"}],"wp:featuredmedia":[{"embeddable":true,"href":"https:\/\/grupo-sintese.com\/es\/wp-json\/wp\/v2\/media\/10561"}],"wp:attachment":[{"href":"https:\/\/grupo-sintese.com\/es\/wp-json\/wp\/v2\/media?parent=6497"}],"wp:term":[{"taxonomy":"product_brand","embeddable":true,"href":"https:\/\/grupo-sintese.com\/es\/wp-json\/wp\/v2\/product_brand?post=6497"},{"taxonomy":"product_cat","embeddable":true,"href":"https:\/\/grupo-sintese.com\/es\/wp-json\/wp\/v2\/product_cat?post=6497"},{"taxonomy":"product_tag","embeddable":true,"href":"https:\/\/grupo-sintese.com\/es\/wp-json\/wp\/v2\/product_tag?post=6497"}],"curies":[{"name":"wp","href":"https:\/\/api.w.org\/{rel}","templated":true}]}}