{"id":6491,"date":"2022-10-07T18:03:05","date_gmt":"2022-10-07T18:03:05","guid":{"rendered":"https:\/\/lojadeescadas.com.br\/product\/gancho-para-cordon-par\/"},"modified":"2022-10-07T18:03:05","modified_gmt":"2022-10-07T18:03:05","slug":"gancho-cordoalha-par","status":"publish","type":"product","link":"https:\/\/grupo-sintese.com\/es\/producto\/gancho-cordoalha-par\/","title":{"rendered":"Gancho para cord\u00f3n (par)"},"content":{"rendered":"<p>El Gancho para cord\u00f3n con base y gancho en aleaci\u00f3n de aluminio.<br \/>\n&#8211; Revestimiento del gancho en PVC termorretr\u00e1ctil de alta tensi\u00f3n 110KVA;<br \/>\n&#8211; Sistema de posici\u00f3n ajustable;<br \/>\n&#8211; Di\u00e1metro interior del gancho 81 mm (sin considerar revestimiento);<br \/>\n&#8211; Fijaci\u00f3n del gancho mediante tornillos y tuercas autoblocantes;<br \/>\n&#8211; Capacidad de carga: 200 kgf.<\/p>\n<p>El Gancho para cord\u00f3n trae la seguridad necesaria para anclarse al poste incluso sin poste.<\/p>\n","protected":false},"excerpt":{"rendered":"<p>El Gancho para cord\u00f3n con base y gancho en aleaci\u00f3n de aluminio. &#8211; Revestimiento del gancho en PVC termorretr\u00e1ctil de alta tensi\u00f3n 110KVA; &#8211; Sistema de posici\u00f3n ajustable; &#8211; Di\u00e1metro interior del gancho 81 mm (sin considerar revestimiento); &#8211; Fijaci\u00f3n del gancho mediante tornillos y tuercas autoblocantes; &#8211; Capacidad de carga: 200 kgf. El Gancho [&hellip;]<\/p>\n","protected":false},"featured_media":4026,"comment_status":"open","ping_status":"closed","template":"","meta":{"_acf_changed":false,"_et_pb_use_builder":"","_et_pb_old_content":"","_et_gb_content_width":""},"product_brand":[],"product_cat":[154],"product_tag":[],"class_list":{"0":"post-6491","1":"product","2":"type-product","3":"status-publish","4":"has-post-thumbnail","6":"product_cat-accesorios","8":"first","9":"instock","10":"taxable","11":"shipping-taxable","12":"purchasable","13":"product-type-simple"},"acf":[],"_links":{"self":[{"href":"https:\/\/grupo-sintese.com\/es\/wp-json\/wp\/v2\/product\/6491","targetHints":{"allow":["GET"]}}],"collection":[{"href":"https:\/\/grupo-sintese.com\/es\/wp-json\/wp\/v2\/product"}],"about":[{"href":"https:\/\/grupo-sintese.com\/es\/wp-json\/wp\/v2\/types\/product"}],"replies":[{"embeddable":true,"href":"https:\/\/grupo-sintese.com\/es\/wp-json\/wp\/v2\/comments?post=6491"}],"wp:featuredmedia":[{"embeddable":true,"href":"https:\/\/grupo-sintese.com\/es\/wp-json\/wp\/v2\/media\/4026"}],"wp:attachment":[{"href":"https:\/\/grupo-sintese.com\/es\/wp-json\/wp\/v2\/media?parent=6491"}],"wp:term":[{"taxonomy":"product_brand","embeddable":true,"href":"https:\/\/grupo-sintese.com\/es\/wp-json\/wp\/v2\/product_brand?post=6491"},{"taxonomy":"product_cat","embeddable":true,"href":"https:\/\/grupo-sintese.com\/es\/wp-json\/wp\/v2\/product_cat?post=6491"},{"taxonomy":"product_tag","embeddable":true,"href":"https:\/\/grupo-sintese.com\/es\/wp-json\/wp\/v2\/product_tag?post=6491"}],"curies":[{"name":"wp","href":"https:\/\/api.w.org\/{rel}","templated":true}]}}