{"id":6454,"date":"2022-10-07T18:03:03","date_gmt":"2022-10-07T18:03:03","guid":{"rendered":"https:\/\/lojadeescadas.com.br\/product\/escalera-extensible-tijeras-con-peldanos-vaciado\/"},"modified":"2023-02-13T21:16:58","modified_gmt":"2023-02-13T21:16:58","slug":"escada-extensivel-tesoura-com-degrau-vazado","status":"publish","type":"product","link":"https:\/\/grupo-sintese.com\/es\/producto\/escada-extensivel-tesoura-com-degrau-vazado\/","title":{"rendered":"Escalera Extensible Tijeras con Pelda\u00f1os Vaciado"},"content":{"rendered":"<p>\u2022 Escalera en fibra de vidrio, garantizando alta resistencia mec\u00e1nica a un bajo peso.<\/p>\n<p>\u2022 Pelda\u00f1os de aleaci\u00f3n de aluminio tratado t\u00e9rmicamente con bandas antideslizantes.<\/p>\n<p>\u2022 Puede utilizarse en la funci\u00f3n tijera y extensible.<\/p>\n<p>\u2022 Barra estabilizadora disponible a partir del modelo 08&#215;13<\/p>\n<p>Fotograf\u00edas puramente ilustrativas.<\/p>\n","protected":false},"excerpt":{"rendered":"<p>\u2022 Escalera en fibra de vidrio, garantizando alta resistencia mec\u00e1nica a un bajo peso. \u2022 Pelda\u00f1os de aleaci\u00f3n de aluminio tratado t\u00e9rmicamente con bandas antideslizantes. \u2022 Puede utilizarse en la funci\u00f3n tijera y extensible. \u2022 Barra estabilizadora disponible a partir del modelo 08&#215;13 Fotograf\u00edas puramente ilustrativas.<\/p>\n","protected":false},"featured_media":3966,"comment_status":"closed","ping_status":"closed","template":"","meta":{"_acf_changed":false,"_et_pb_use_builder":"","_et_pb_old_content":"","_et_gb_content_width":""},"product_brand":[],"product_cat":[164],"product_tag":[],"class_list":{"0":"post-6454","1":"product","2":"type-product","3":"status-publish","4":"has-post-thumbnail","6":"product_cat-convertible","8":"first","9":"instock","10":"taxable","11":"shipping-taxable","12":"purchasable","13":"product-type-variable"},"acf":[],"_links":{"self":[{"href":"https:\/\/grupo-sintese.com\/es\/wp-json\/wp\/v2\/product\/6454","targetHints":{"allow":["GET"]}}],"collection":[{"href":"https:\/\/grupo-sintese.com\/es\/wp-json\/wp\/v2\/product"}],"about":[{"href":"https:\/\/grupo-sintese.com\/es\/wp-json\/wp\/v2\/types\/product"}],"replies":[{"embeddable":true,"href":"https:\/\/grupo-sintese.com\/es\/wp-json\/wp\/v2\/comments?post=6454"}],"wp:featuredmedia":[{"embeddable":true,"href":"https:\/\/grupo-sintese.com\/es\/wp-json\/wp\/v2\/media\/3966"}],"wp:attachment":[{"href":"https:\/\/grupo-sintese.com\/es\/wp-json\/wp\/v2\/media?parent=6454"}],"wp:term":[{"taxonomy":"product_brand","embeddable":true,"href":"https:\/\/grupo-sintese.com\/es\/wp-json\/wp\/v2\/product_brand?post=6454"},{"taxonomy":"product_cat","embeddable":true,"href":"https:\/\/grupo-sintese.com\/es\/wp-json\/wp\/v2\/product_cat?post=6454"},{"taxonomy":"product_tag","embeddable":true,"href":"https:\/\/grupo-sintese.com\/es\/wp-json\/wp\/v2\/product_tag?post=6454"}],"curies":[{"name":"wp","href":"https:\/\/api.w.org\/{rel}","templated":true}]}}