{"id":6453,"date":"2022-10-07T18:03:05","date_gmt":"2022-10-07T18:03:05","guid":{"rendered":"https:\/\/lojadeescadas.com.br\/product\/particiones\/"},"modified":"2024-04-12T17:28:12","modified_gmt":"2024-04-12T17:28:12","slug":"divisoria","status":"publish","type":"product","link":"https:\/\/grupo-sintese.com\/es\/producto\/divisoria\/","title":{"rendered":"Particiones"},"content":{"rendered":"<p>S\u00edntese tiene en su portafolio dos l\u00edneas de productos que tienen m\u00faltiples funciones, de acuerdo a las necesidades de cada cliente.<\/p>\n<p>Excelente costo-efectividad y especificaciones que garantizan durabilidad, r\u00e1pida y f\u00e1cil instalaci\u00f3n y finos acabados, adem\u00e1s de la disponibilidad de varios colores son algunos de los diferenciales que ofrece S\u00edntese.<\/p>\n<p>Las mamparas S\u00edntese est\u00e1n fabricadas con un excelente manto ac\u00fastico, lo que ofrece un excelente grado de aislamiento ac\u00fastico en diferentes ambientes, ya sean peque\u00f1os ambientes o grandes espacios.<\/p>\n<p>\u2022 Perfiles en aluminio anodizado.<br \/>\n\u2022 Piezas que permitan la reparaci\u00f3n in situ.<br \/>\n\u2022 Paneles de aluminio templado de alta resistencia.<br \/>\n\u2022 Eficiencia en el aislamiento ac\u00fastico.<\/p>\n<p>Consulta presupuestos y condiciones con nuestro equipo. \u00a1Estaremos encantados de atenderte!<\/p>\n","protected":false},"excerpt":{"rendered":"<p>S\u00edntese tiene en su portafolio dos l\u00edneas de productos que tienen m\u00faltiples funciones, de acuerdo a las necesidades de cada cliente. Excelente costo-efectividad y especificaciones que garantizan durabilidad, r\u00e1pida y f\u00e1cil instalaci\u00f3n y finos acabados, adem\u00e1s de la disponibilidad de varios colores son algunos de los diferenciales que ofrece S\u00edntese. Las mamparas S\u00edntese est\u00e1n fabricadas [&hellip;]<\/p>\n","protected":false},"featured_media":4244,"comment_status":"open","ping_status":"closed","template":"","meta":{"_acf_changed":false,"_et_pb_use_builder":"off","_et_pb_old_content":"S\u00edntese tiene en su portafolio dos l\u00edneas de productos que tienen m\u00faltiples funciones, de acuerdo a las necesidades de cada cliente.\n\nExcelente costo-efectividad y especificaciones que garantizan durabilidad, r\u00e1pida y f\u00e1cil instalaci\u00f3n y finos acabados, adem\u00e1s de la disponibilidad de varios colores son algunos de los diferenciales que ofrece S\u00edntese.\n\nLas mamparas S\u00edntese est\u00e1n fabricadas con un excelente manto ac\u00fastico, lo que ofrece un excelente grado de aislamiento ac\u00fastico en diferentes ambientes, ya sean peque\u00f1os ambientes o grandes espacios.\n\n\u2022 Perfiles en aluminio anodizado.\n\u2022 Piezas que permitan la reparaci\u00f3n in situ.\n\u2022 Paneles de aluminio templado de alta resistencia.\n\u2022 Eficiencia en el aislamiento ac\u00fastico.\n\nConsulta presupuestos y condiciones con nuestro equipo. \u00a1Estaremos encantados de atenderte!","_et_gb_content_width":""},"product_brand":[],"product_cat":[158],"product_tag":[],"class_list":{"0":"post-6453","1":"product","2":"type-product","3":"status-publish","4":"has-post-thumbnail","6":"product_cat-divisorias-es","8":"first","9":"outofstock","10":"taxable","11":"shipping-taxable","12":"purchasable","13":"product-type-simple"},"acf":[],"_links":{"self":[{"href":"https:\/\/grupo-sintese.com\/es\/wp-json\/wp\/v2\/product\/6453","targetHints":{"allow":["GET"]}}],"collection":[{"href":"https:\/\/grupo-sintese.com\/es\/wp-json\/wp\/v2\/product"}],"about":[{"href":"https:\/\/grupo-sintese.com\/es\/wp-json\/wp\/v2\/types\/product"}],"replies":[{"embeddable":true,"href":"https:\/\/grupo-sintese.com\/es\/wp-json\/wp\/v2\/comments?post=6453"}],"wp:featuredmedia":[{"embeddable":true,"href":"https:\/\/grupo-sintese.com\/es\/wp-json\/wp\/v2\/media\/4244"}],"wp:attachment":[{"href":"https:\/\/grupo-sintese.com\/es\/wp-json\/wp\/v2\/media?parent=6453"}],"wp:term":[{"taxonomy":"product_brand","embeddable":true,"href":"https:\/\/grupo-sintese.com\/es\/wp-json\/wp\/v2\/product_brand?post=6453"},{"taxonomy":"product_cat","embeddable":true,"href":"https:\/\/grupo-sintese.com\/es\/wp-json\/wp\/v2\/product_cat?post=6453"},{"taxonomy":"product_tag","embeddable":true,"href":"https:\/\/grupo-sintese.com\/es\/wp-json\/wp\/v2\/product_tag?post=6453"}],"curies":[{"name":"wp","href":"https:\/\/api.w.org\/{rel}","templated":true}]}}