{"id":6415,"date":"2022-10-07T19:13:25","date_gmt":"2022-10-07T19:13:25","guid":{"rendered":"https:\/\/lojadeescadas.com.br\/product\/escalera-recta-con-peldanos-redondo-remachado\/"},"modified":"2024-04-12T17:28:16","modified_gmt":"2024-04-12T17:28:16","slug":"escada-singela-degrau-redondo-rebitado","status":"publish","type":"product","link":"https:\/\/grupo-sintese.com\/es\/producto\/escada-singela-degrau-redondo-rebitado\/","title":{"rendered":"Escalera Recta con Pelda\u00f1os Redondo Remachado"},"content":{"rendered":"<p>\u2022 Escalera en fibra de vidrio, garantizando alta resistencia mec\u00e1nica a un bajo peso.<\/p>\n<p>\u2022 Pelda\u00f1os de aleaci\u00f3n de aluminio tratado t\u00e9rmicamente con bandas antideslizantes.<\/p>\n<p>&#8211; Respaldo de cincha de nailon recubierta de caucho vulcanizado.<\/p>\n<p>Fotograf\u00edas puramente ilustrativas.<\/p>\n","protected":false},"excerpt":{"rendered":"<p>\u2022 Escalera en fibra de vidrio, garantizando alta resistencia mec\u00e1nica a un bajo peso. \u2022 Pelda\u00f1os de aleaci\u00f3n de aluminio tratado t\u00e9rmicamente con bandas antideslizantes. &#8211; Respaldo de cincha de nailon recubierta de caucho vulcanizado. Fotograf\u00edas puramente ilustrativas.<\/p>\n","protected":false},"featured_media":4052,"comment_status":"open","ping_status":"closed","template":"","meta":{"_acf_changed":false,"_et_pb_use_builder":"","_et_pb_old_content":"","_et_gb_content_width":""},"product_brand":[],"product_cat":[170],"product_tag":[],"class_list":{"0":"post-6415","1":"product","2":"type-product","3":"status-publish","4":"has-post-thumbnail","6":"product_cat-recta","8":"first","9":"instock","10":"taxable","11":"shipping-taxable","12":"purchasable","13":"product-type-variable"},"acf":[],"_links":{"self":[{"href":"https:\/\/grupo-sintese.com\/es\/wp-json\/wp\/v2\/product\/6415","targetHints":{"allow":["GET"]}}],"collection":[{"href":"https:\/\/grupo-sintese.com\/es\/wp-json\/wp\/v2\/product"}],"about":[{"href":"https:\/\/grupo-sintese.com\/es\/wp-json\/wp\/v2\/types\/product"}],"replies":[{"embeddable":true,"href":"https:\/\/grupo-sintese.com\/es\/wp-json\/wp\/v2\/comments?post=6415"}],"wp:featuredmedia":[{"embeddable":true,"href":"https:\/\/grupo-sintese.com\/es\/wp-json\/wp\/v2\/media\/4052"}],"wp:attachment":[{"href":"https:\/\/grupo-sintese.com\/es\/wp-json\/wp\/v2\/media?parent=6415"}],"wp:term":[{"taxonomy":"product_brand","embeddable":true,"href":"https:\/\/grupo-sintese.com\/es\/wp-json\/wp\/v2\/product_brand?post=6415"},{"taxonomy":"product_cat","embeddable":true,"href":"https:\/\/grupo-sintese.com\/es\/wp-json\/wp\/v2\/product_cat?post=6415"},{"taxonomy":"product_tag","embeddable":true,"href":"https:\/\/grupo-sintese.com\/es\/wp-json\/wp\/v2\/product_tag?post=6415"}],"curies":[{"name":"wp","href":"https:\/\/api.w.org\/{rel}","templated":true}]}}