{"id":6401,"date":"2022-10-07T19:22:34","date_gmt":"2022-10-07T19:22:34","guid":{"rendered":"https:\/\/lojadeescadas.com.br\/product\/escalera-multifuncional-de-aluminio-sintese\/"},"modified":"2025-06-06T10:32:58","modified_gmt":"2025-06-06T13:32:58","slug":"escada-multifuncional-aluminio","status":"publish","type":"product","link":"https:\/\/grupo-sintese.com\/es\/producto\/escada-multifuncional-aluminio\/","title":{"rendered":"Escalera Multifuncional de Aluminio &#8211; MOR"},"content":{"rendered":"<p>Hay ocho formas de uso en un solo producto. Excelente para las tareas cotidianas y para el uso profesional de<br \/>\n.<\/p>\n<p>&#8211; Carracas con bloqueo autom\u00e1tico;<br \/>\n&#8211; Puntas engomadas para un mejor agarre al suelo;<br \/>\n&#8211; Altura m\u00e1xima totalmente extendida de 3,36 m;<br \/>\n&#8211; Capacidad de carga de hasta 150 kg.<\/p>\n<p><strong>Medidas:<\/strong><br \/>\nPosici\u00f3n 1: (L) 60,9cm x (An) 14,5cm x (Al) 3,36m<br \/>\nPosici\u00f3n 2: (L) 60,9cm x (An) 94cm x (Al) 2,46m<br \/>\nPosici\u00f3n 3: (L) 60,9cm x (An) 1,17m x (Al) 2,39m<br \/>\nPosici\u00f3n 4: (L) 34,8cm x (An) 26,9cm x (Al) 89cm<br \/>\nPosici\u00f3n 5: (C) 60,9cm x (An) 1,31m x (Al) 85,6cm<br \/>\nPosici\u00f3n 6: (C) 60,9cm x (An) 1,15m x (Al) 1,63m<br \/>\nPosici\u00f3n 7: (C) 60,9cm x (An) 2,15m x (Al) 90,7cm<br \/>\nPosici\u00f3n 8: (C) 60,9cm x (An) 2,76m x (Al) 94cm<\/p>\n","protected":false},"excerpt":{"rendered":"<p>Hay ocho formas de uso en un solo producto. Excelente para las tareas cotidianas y para el uso profesional de . &#8211; Carracas con bloqueo autom\u00e1tico; &#8211; Puntas engomadas para un mejor agarre al suelo; &#8211; Altura m\u00e1xima totalmente extendida de 3,36 m; &#8211; Capacidad de carga de hasta 150 kg. Medidas: Posici\u00f3n 1: (L) [&hellip;]<\/p>\n","protected":false},"featured_media":4070,"comment_status":"open","ping_status":"closed","template":"","meta":{"_acf_changed":false,"_et_pb_use_builder":"","_et_pb_old_content":"","_et_gb_content_width":""},"product_brand":[],"product_cat":[156],"product_tag":[],"class_list":{"0":"post-6401","1":"product","2":"type-product","3":"status-publish","4":"has-post-thumbnail","6":"product_cat-aluminio-es","8":"first","9":"instock","10":"taxable","11":"shipping-taxable","12":"purchasable","13":"product-type-simple"},"acf":[],"_links":{"self":[{"href":"https:\/\/grupo-sintese.com\/es\/wp-json\/wp\/v2\/product\/6401","targetHints":{"allow":["GET"]}}],"collection":[{"href":"https:\/\/grupo-sintese.com\/es\/wp-json\/wp\/v2\/product"}],"about":[{"href":"https:\/\/grupo-sintese.com\/es\/wp-json\/wp\/v2\/types\/product"}],"replies":[{"embeddable":true,"href":"https:\/\/grupo-sintese.com\/es\/wp-json\/wp\/v2\/comments?post=6401"}],"wp:featuredmedia":[{"embeddable":true,"href":"https:\/\/grupo-sintese.com\/es\/wp-json\/wp\/v2\/media\/4070"}],"wp:attachment":[{"href":"https:\/\/grupo-sintese.com\/es\/wp-json\/wp\/v2\/media?parent=6401"}],"wp:term":[{"taxonomy":"product_brand","embeddable":true,"href":"https:\/\/grupo-sintese.com\/es\/wp-json\/wp\/v2\/product_brand?post=6401"},{"taxonomy":"product_cat","embeddable":true,"href":"https:\/\/grupo-sintese.com\/es\/wp-json\/wp\/v2\/product_cat?post=6401"},{"taxonomy":"product_tag","embeddable":true,"href":"https:\/\/grupo-sintese.com\/es\/wp-json\/wp\/v2\/product_tag?post=6401"}],"curies":[{"name":"wp","href":"https:\/\/api.w.org\/{rel}","templated":true}]}}