{"id":6387,"date":"2022-10-07T19:51:32","date_gmt":"2022-10-07T19:51:32","guid":{"rendered":"https:\/\/lojadeescadas.com.br\/product\/escalera-residencial-sintese\/"},"modified":"2025-06-06T10:40:39","modified_gmt":"2025-06-06T13:40:39","slug":"escada-residencial-sintese","status":"publish","type":"product","link":"https:\/\/grupo-sintese.com\/es\/producto\/escada-residencial-sintese\/","title":{"rendered":"Escalera Residencial S\u00edntese"},"content":{"rendered":"<p>\u2022 Escalera en fibra de vidrio, garantizando alta resistencia mec\u00e1nica a un bajo peso.<\/p>\n<p>\u2022 Pelda\u00f1os planos de aleaci\u00f3n de aluminio tratada t\u00e9rmicamente con frisos antideslizantes.<\/p>\n<p>\u2022 Patr\u00f3n especial para apoyo de herramientas.<\/p>\n<p>Fotograf\u00edas puramente ilustrativas.<\/p>\n","protected":false},"excerpt":{"rendered":"<p>\u2022 Escalera en fibra de vidrio, garantizando alta resistencia mec\u00e1nica a un bajo peso. \u2022 Pelda\u00f1os planos de aleaci\u00f3n de aluminio tratada t\u00e9rmicamente con frisos antideslizantes. \u2022 Patr\u00f3n especial para apoyo de herramientas. Fotograf\u00edas puramente ilustrativas.<\/p>\n","protected":false},"featured_media":4104,"comment_status":"open","ping_status":"closed","template":"","meta":{"_acf_changed":false,"_et_pb_use_builder":"on","_et_pb_old_content":"- Escalera de fibra de vidrio, que garantiza una gran resistencia mec\u00e1nica con un peso reducido.\n\n- Pelda\u00f1os planos de aleaci\u00f3n de aluminio con tratamiento t\u00e9rmico y bordes antideslizantes.\n\n- Descansillo especial para apoyar herramientas.\n\nFotos s\u00f3lo con fines ilustrativos.","_et_gb_content_width":""},"product_brand":[],"product_cat":[168],"product_tag":[],"class_list":{"0":"post-6387","1":"product","2":"type-product","3":"status-publish","4":"has-post-thumbnail","6":"product_cat-residencial-es","8":"first","9":"instock","10":"taxable","11":"shipping-taxable","12":"purchasable","13":"product-type-variable"},"acf":[],"_links":{"self":[{"href":"https:\/\/grupo-sintese.com\/es\/wp-json\/wp\/v2\/product\/6387","targetHints":{"allow":["GET"]}}],"collection":[{"href":"https:\/\/grupo-sintese.com\/es\/wp-json\/wp\/v2\/product"}],"about":[{"href":"https:\/\/grupo-sintese.com\/es\/wp-json\/wp\/v2\/types\/product"}],"replies":[{"embeddable":true,"href":"https:\/\/grupo-sintese.com\/es\/wp-json\/wp\/v2\/comments?post=6387"}],"wp:featuredmedia":[{"embeddable":true,"href":"https:\/\/grupo-sintese.com\/es\/wp-json\/wp\/v2\/media\/4104"}],"wp:attachment":[{"href":"https:\/\/grupo-sintese.com\/es\/wp-json\/wp\/v2\/media?parent=6387"}],"wp:term":[{"taxonomy":"product_brand","embeddable":true,"href":"https:\/\/grupo-sintese.com\/es\/wp-json\/wp\/v2\/product_brand?post=6387"},{"taxonomy":"product_cat","embeddable":true,"href":"https:\/\/grupo-sintese.com\/es\/wp-json\/wp\/v2\/product_cat?post=6387"},{"taxonomy":"product_tag","embeddable":true,"href":"https:\/\/grupo-sintese.com\/es\/wp-json\/wp\/v2\/product_tag?post=6387"}],"curies":[{"name":"wp","href":"https:\/\/api.w.org\/{rel}","templated":true}]}}