{"id":6367,"date":"2022-10-07T19:51:32","date_gmt":"2022-10-07T19:51:32","guid":{"rendered":"https:\/\/lojadeescadas.com.br\/product\/escalera-oblongo-con-peldanos-en-fibra\/"},"modified":"2025-06-06T10:39:52","modified_gmt":"2025-06-06T13:39:52","slug":"escada-oblongo-lance-com-degrau-em-fibra","status":"publish","type":"product","link":"https:\/\/grupo-sintese.com\/es\/producto\/escada-oblongo-lance-com-degrau-em-fibra\/","title":{"rendered":"Escalera Oblongo con Pelda\u00f1os en Fibra"},"content":{"rendered":"<p>&#8211; Escalera de fibra de vidrio en formato oblongo.<\/p>\n<p>&#8211; Pelda\u00f1os de fibra de vidrio.<\/p>\n<p>&#8211; Pasamanos de fibra de vidrio.<\/p>\n<p>&#8211; Adecuada para acoplar a estructuras met\u00e1licas.<\/p>\n<p>Fotos s\u00f3lo con fines ilustrativos.<\/p>\n","protected":false},"excerpt":{"rendered":"<p>&#8211; Escalera de fibra de vidrio en formato oblongo. &#8211; Pelda\u00f1os de fibra de vidrio. &#8211; Pasamanos de fibra de vidrio. &#8211; Adecuada para acoplar a estructuras met\u00e1licas. Fotos s\u00f3lo con fines ilustrativos.<\/p>\n","protected":false},"featured_media":4136,"comment_status":"open","ping_status":"closed","template":"","meta":{"_acf_changed":false,"_et_pb_use_builder":"","_et_pb_old_content":"","_et_gb_content_width":""},"product_brand":[],"product_cat":[166],"product_tag":[],"class_list":{"0":"post-6367","1":"product","2":"type-product","3":"status-publish","4":"has-post-thumbnail","6":"product_cat-oblongo-es","8":"first","9":"instock","10":"taxable","11":"shipping-taxable","12":"purchasable","13":"product-type-variable"},"acf":[],"_links":{"self":[{"href":"https:\/\/grupo-sintese.com\/es\/wp-json\/wp\/v2\/product\/6367","targetHints":{"allow":["GET"]}}],"collection":[{"href":"https:\/\/grupo-sintese.com\/es\/wp-json\/wp\/v2\/product"}],"about":[{"href":"https:\/\/grupo-sintese.com\/es\/wp-json\/wp\/v2\/types\/product"}],"replies":[{"embeddable":true,"href":"https:\/\/grupo-sintese.com\/es\/wp-json\/wp\/v2\/comments?post=6367"}],"wp:featuredmedia":[{"embeddable":true,"href":"https:\/\/grupo-sintese.com\/es\/wp-json\/wp\/v2\/media\/4136"}],"wp:attachment":[{"href":"https:\/\/grupo-sintese.com\/es\/wp-json\/wp\/v2\/media?parent=6367"}],"wp:term":[{"taxonomy":"product_brand","embeddable":true,"href":"https:\/\/grupo-sintese.com\/es\/wp-json\/wp\/v2\/product_brand?post=6367"},{"taxonomy":"product_cat","embeddable":true,"href":"https:\/\/grupo-sintese.com\/es\/wp-json\/wp\/v2\/product_cat?post=6367"},{"taxonomy":"product_tag","embeddable":true,"href":"https:\/\/grupo-sintese.com\/es\/wp-json\/wp\/v2\/product_tag?post=6367"}],"curies":[{"name":"wp","href":"https:\/\/api.w.org\/{rel}","templated":true}]}}