{"id":6362,"date":"2022-10-07T19:51:33","date_gmt":"2022-10-07T19:51:33","guid":{"rendered":"https:\/\/lojadeescadas.com.br\/product\/escalera-importada-little-giant-cage-iaa-fiberglass\/"},"modified":"2025-06-06T10:40:59","modified_gmt":"2025-06-06T13:40:59","slug":"escada-importada-little-giant-cage-iaa-fiberglass","status":"publish","type":"product","link":"https:\/\/grupo-sintese.com\/es\/producto\/escada-importada-little-giant-cage-iaa-fiberglass\/","title":{"rendered":"Escalera Importada Little Giant Cage IAA Fiberglass"},"content":{"rendered":"<p>Escalera autoportante regulable en altura, equipada con plataforma de trabajo con barandilla. Facilita el trabajo en lugares de dif\u00edcil acceso, o con desniveles, con total seguridad del operario.<\/p>\n<p>Cantidad no conductora de electricidad, fabricada en resina de poli\u00e9ster reforzada con fibra de vidrio de alta resistencia mec\u00e1nica. Pelda\u00f1os planos de aleaci\u00f3n de aluminio tratado t\u00e9rmicamente con superficie antideslizante.<\/p>\n","protected":false},"excerpt":{"rendered":"<p>Escalera autoportante regulable en altura, equipada con plataforma de trabajo con barandilla. Facilita el trabajo en lugares de dif\u00edcil acceso, o con desniveles, con total seguridad del operario. Cantidad no conductora de electricidad, fabricada en resina de poli\u00e9ster reforzada con fibra de vidrio de alta resistencia mec\u00e1nica. Pelda\u00f1os planos de aleaci\u00f3n de aluminio tratado t\u00e9rmicamente [&hellip;]<\/p>\n","protected":false},"featured_media":4162,"comment_status":"open","ping_status":"closed","template":"","meta":{"_acf_changed":false,"_et_pb_use_builder":"","_et_pb_old_content":"","_et_gb_content_width":""},"product_brand":[],"product_cat":[150,162],"product_tag":[],"class_list":{"0":"post-6362","1":"product","2":"type-product","3":"status-publish","4":"has-post-thumbnail","6":"product_cat-destacados","7":"product_cat-linea-premium","9":"first","10":"instock","11":"taxable","12":"shipping-taxable","13":"purchasable","14":"product-type-variable"},"acf":[],"_links":{"self":[{"href":"https:\/\/grupo-sintese.com\/es\/wp-json\/wp\/v2\/product\/6362","targetHints":{"allow":["GET"]}}],"collection":[{"href":"https:\/\/grupo-sintese.com\/es\/wp-json\/wp\/v2\/product"}],"about":[{"href":"https:\/\/grupo-sintese.com\/es\/wp-json\/wp\/v2\/types\/product"}],"replies":[{"embeddable":true,"href":"https:\/\/grupo-sintese.com\/es\/wp-json\/wp\/v2\/comments?post=6362"}],"wp:featuredmedia":[{"embeddable":true,"href":"https:\/\/grupo-sintese.com\/es\/wp-json\/wp\/v2\/media\/4162"}],"wp:attachment":[{"href":"https:\/\/grupo-sintese.com\/es\/wp-json\/wp\/v2\/media?parent=6362"}],"wp:term":[{"taxonomy":"product_brand","embeddable":true,"href":"https:\/\/grupo-sintese.com\/es\/wp-json\/wp\/v2\/product_brand?post=6362"},{"taxonomy":"product_cat","embeddable":true,"href":"https:\/\/grupo-sintese.com\/es\/wp-json\/wp\/v2\/product_cat?post=6362"},{"taxonomy":"product_tag","embeddable":true,"href":"https:\/\/grupo-sintese.com\/es\/wp-json\/wp\/v2\/product_tag?post=6362"}],"curies":[{"name":"wp","href":"https:\/\/api.w.org\/{rel}","templated":true}]}}