{"id":6342,"date":"2022-10-07T20:05:10","date_gmt":"2022-10-07T20:05:10","guid":{"rendered":"https:\/\/lojadeescadas.com.br\/product\/escalera-tijeras-doble-acceso\/"},"modified":"2025-06-06T10:28:50","modified_gmt":"2025-06-06T13:28:50","slug":"escalera-tijeras-doble-acceso","status":"publish","type":"product","link":"https:\/\/grupo-sintese.com\/es\/producto\/escalera-tijeras-doble-acceso\/","title":{"rendered":"Escalera de Tijera de Doble Acceso"},"content":{"rendered":"<p>&#8211; Escalera de fibra de vidrio, que garantiza una gran resistencia mec\u00e1nica con un peso reducido. &#8211; Pelda\u00f1os planos de aleaci\u00f3n de aluminio con tratamiento t\u00e9rmico y bordes antideslizantes. &#8211; Doble acceso. Fotos s\u00f3lo con fines ilustrativos.   <\/p>\n","protected":false},"excerpt":{"rendered":"<p>&#8211; Escalera de fibra de vidrio, que garantiza una gran resistencia mec\u00e1nica con un peso reducido. &#8211; Pelda\u00f1os planos de aleaci\u00f3n de aluminio con tratamiento t\u00e9rmico y bordes antideslizantes. &#8211; Doble acceso. Fotos s\u00f3lo con fines ilustrativos.<\/p>\n","protected":false},"featured_media":4178,"comment_status":"open","ping_status":"closed","template":"","meta":{"_acf_changed":false,"_et_pb_use_builder":"off","_et_pb_old_content":"- Escalera de fibra de vidrio, que garantiza una gran resistencia mec\u00e1nica con un peso reducido. - Pelda\u00f1os planos de aleaci\u00f3n de aluminio con tratamiento t\u00e9rmico y bordes antideslizantes. - Doble acceso. Fotos s\u00f3lo con fines ilustrativos.   ","_et_gb_content_width":""},"product_brand":[],"product_cat":[150,172],"product_tag":[],"class_list":{"0":"post-6342","1":"product","2":"type-product","3":"status-publish","4":"has-post-thumbnail","6":"product_cat-destacados","7":"product_cat-tijera","9":"first","10":"instock","11":"taxable","12":"shipping-taxable","13":"purchasable","14":"product-type-variable"},"acf":[],"_links":{"self":[{"href":"https:\/\/grupo-sintese.com\/es\/wp-json\/wp\/v2\/product\/6342","targetHints":{"allow":["GET"]}}],"collection":[{"href":"https:\/\/grupo-sintese.com\/es\/wp-json\/wp\/v2\/product"}],"about":[{"href":"https:\/\/grupo-sintese.com\/es\/wp-json\/wp\/v2\/types\/product"}],"replies":[{"embeddable":true,"href":"https:\/\/grupo-sintese.com\/es\/wp-json\/wp\/v2\/comments?post=6342"}],"wp:featuredmedia":[{"embeddable":true,"href":"https:\/\/grupo-sintese.com\/es\/wp-json\/wp\/v2\/media\/4178"}],"wp:attachment":[{"href":"https:\/\/grupo-sintese.com\/es\/wp-json\/wp\/v2\/media?parent=6342"}],"wp:term":[{"taxonomy":"product_brand","embeddable":true,"href":"https:\/\/grupo-sintese.com\/es\/wp-json\/wp\/v2\/product_brand?post=6342"},{"taxonomy":"product_cat","embeddable":true,"href":"https:\/\/grupo-sintese.com\/es\/wp-json\/wp\/v2\/product_cat?post=6342"},{"taxonomy":"product_tag","embeddable":true,"href":"https:\/\/grupo-sintese.com\/es\/wp-json\/wp\/v2\/product_tag?post=6342"}],"curies":[{"name":"wp","href":"https:\/\/api.w.org\/{rel}","templated":true}]}}