{"id":6322,"date":"2022-10-27T20:12:23","date_gmt":"2022-10-27T20:12:23","guid":{"rendered":"https:\/\/lojadeescadas.com.br\/product\/escalera-extensione-con-peldanos-remachada\/"},"modified":"2025-06-06T10:27:57","modified_gmt":"2025-06-06T13:27:57","slug":"escalera-extensione-con-peldanos-remachada","status":"publish","type":"product","link":"https:\/\/grupo-sintese.com\/es\/producto\/escalera-extensione-con-peldanos-remachada\/","title":{"rendered":"Escalera extensible con pelda\u00f1o redondo remachado"},"content":{"rendered":"<p>&#8211; Escalera de fibra de vidrio, que garantiza una gran resistencia mec\u00e1nica con un peso reducido.<\/p>\n<p>&#8211; Pelda\u00f1os de aleaci\u00f3n de aluminio con tratamiento t\u00e9rmico y bordes antideslizantes.<\/p>\n<p>&#8211; Carraca de n\u00facleo de acero recubierto de nailon.<\/p>\n<p>&#8211; Respaldo de cinta de nailon recubierta de caucho vulcanizado.<\/p>\n<p>&#8211; Accionamiento manual del tiro m\u00f3vil mediante polea(s) y sistema de cuerda.<\/p>\n<p>Fotos s\u00f3lo con fines ilustrativos.<\/p>\n","protected":false},"excerpt":{"rendered":"<p>&#8211; Escalera de fibra de vidrio, que garantiza una gran resistencia mec\u00e1nica con un peso reducido.<\/p>\n<p>&#8211; Pelda\u00f1os de aleaci\u00f3n de aluminio con tratamiento t\u00e9rmico y bordes antideslizantes.<\/p>\n<p>&#8211; Carraca de n\u00facleo de acero recubierto de nailon.<\/p>\n<p>&#8211; Respaldo de cinta de nailon recubierta de caucho vulcanizado.<\/p>\n<p>&#8211; Accionamiento manual del tiro m\u00f3vil mediante polea(s) y sistema de cuerda.<\/p>\n<p>Fotos s\u00f3lo con fines ilustrativos.<\/p>\n","protected":false},"featured_media":4224,"comment_status":"open","ping_status":"closed","template":"","meta":{"_acf_changed":false,"_et_pb_use_builder":"","_et_pb_old_content":"","_et_gb_content_width":""},"product_brand":[],"product_cat":[160],"product_tag":[],"class_list":{"0":"post-6322","1":"product","2":"type-product","3":"status-publish","4":"has-post-thumbnail","6":"product_cat-extensible","8":"first","9":"instock","10":"taxable","11":"shipping-taxable","12":"purchasable","13":"product-type-variable"},"acf":[],"_links":{"self":[{"href":"https:\/\/grupo-sintese.com\/es\/wp-json\/wp\/v2\/product\/6322","targetHints":{"allow":["GET"]}}],"collection":[{"href":"https:\/\/grupo-sintese.com\/es\/wp-json\/wp\/v2\/product"}],"about":[{"href":"https:\/\/grupo-sintese.com\/es\/wp-json\/wp\/v2\/types\/product"}],"replies":[{"embeddable":true,"href":"https:\/\/grupo-sintese.com\/es\/wp-json\/wp\/v2\/comments?post=6322"}],"wp:featuredmedia":[{"embeddable":true,"href":"https:\/\/grupo-sintese.com\/es\/wp-json\/wp\/v2\/media\/4224"}],"wp:attachment":[{"href":"https:\/\/grupo-sintese.com\/es\/wp-json\/wp\/v2\/media?parent=6322"}],"wp:term":[{"taxonomy":"product_brand","embeddable":true,"href":"https:\/\/grupo-sintese.com\/es\/wp-json\/wp\/v2\/product_brand?post=6322"},{"taxonomy":"product_cat","embeddable":true,"href":"https:\/\/grupo-sintese.com\/es\/wp-json\/wp\/v2\/product_cat?post=6322"},{"taxonomy":"product_tag","embeddable":true,"href":"https:\/\/grupo-sintese.com\/es\/wp-json\/wp\/v2\/product_tag?post=6322"}],"curies":[{"name":"wp","href":"https:\/\/api.w.org\/{rel}","templated":true}]}}