{"id":6306,"date":"2022-10-27T20:12:25","date_gmt":"2022-10-27T20:12:25","guid":{"rendered":"https:\/\/lojadeescadas.com.br\/product\/escalera-extensione-con-peldanos-d-vaciado\/"},"modified":"2025-06-06T10:31:56","modified_gmt":"2025-06-06T13:31:56","slug":"escalera-extensione-con-peldanos-d-vaciado","status":"publish","type":"product","link":"https:\/\/grupo-sintese.com\/es\/producto\/escalera-extensione-con-peldanos-d-vaciado\/","title":{"rendered":"Escalera extensible con pelda\u00f1o en \u201cD\u201d hueco"},"content":{"rendered":"<p>&#8211; Escalera de fibra de vidrio, que garantiza una gran resistencia mec\u00e1nica con un peso reducido.<\/p>\n<p>&#8211; Pelda\u00f1os de aleaci\u00f3n de aluminio con tratamiento t\u00e9rmico y bandas antideslizantes modelo \u201cD\u201d.<\/p>\n<p>&#8211; Carraca de aleaci\u00f3n de aluminio.<\/p>\n<p>&#8211; Respaldo de cincha de nailon recubierta de caucho vulcanizado.<\/p>\n<p>&#8211; Accionamiento manual del tiro m\u00f3vil mediante polea(s) y sistema de cuerda.<\/p>\n<p>Fotos s\u00f3lo con fines ilustrativos.<\/p>\n","protected":false},"excerpt":{"rendered":"<p>&#8211; Escalera de fibra de vidrio, que garantiza una gran resistencia mec\u00e1nica con un peso reducido.<\/p>\n<p>&#8211; Pelda\u00f1os de aleaci\u00f3n de aluminio con tratamiento t\u00e9rmico y bandas antideslizantes modelo \u201cD\u201d.<\/p>\n<p>&#8211; Carraca de aleaci\u00f3n de aluminio.<\/p>\n<p>&#8211; Respaldo de cinta de nailon recubierta de caucho vulcanizado.<\/p>\n<p>&#8211; Accionamiento manual del tiro m\u00f3vil mediante polea(s) y sistema de cuerda.<\/p>\n<p>Fotos s\u00f3lo con fines ilustrativos.<\/p>\n","protected":false},"featured_media":4214,"comment_status":"open","ping_status":"closed","template":"","meta":{"_acf_changed":false,"_et_pb_use_builder":"","_et_pb_old_content":"","_et_gb_content_width":""},"product_brand":[],"product_cat":[150,160],"product_tag":[],"class_list":{"0":"post-6306","1":"product","2":"type-product","3":"status-publish","4":"has-post-thumbnail","6":"product_cat-destacados","7":"product_cat-extensible","9":"first","10":"instock","11":"taxable","12":"shipping-taxable","13":"purchasable","14":"product-type-variable"},"acf":[],"_links":{"self":[{"href":"https:\/\/grupo-sintese.com\/es\/wp-json\/wp\/v2\/product\/6306","targetHints":{"allow":["GET"]}}],"collection":[{"href":"https:\/\/grupo-sintese.com\/es\/wp-json\/wp\/v2\/product"}],"about":[{"href":"https:\/\/grupo-sintese.com\/es\/wp-json\/wp\/v2\/types\/product"}],"replies":[{"embeddable":true,"href":"https:\/\/grupo-sintese.com\/es\/wp-json\/wp\/v2\/comments?post=6306"}],"wp:featuredmedia":[{"embeddable":true,"href":"https:\/\/grupo-sintese.com\/es\/wp-json\/wp\/v2\/media\/4214"}],"wp:attachment":[{"href":"https:\/\/grupo-sintese.com\/es\/wp-json\/wp\/v2\/media?parent=6306"}],"wp:term":[{"taxonomy":"product_brand","embeddable":true,"href":"https:\/\/grupo-sintese.com\/es\/wp-json\/wp\/v2\/product_brand?post=6306"},{"taxonomy":"product_cat","embeddable":true,"href":"https:\/\/grupo-sintese.com\/es\/wp-json\/wp\/v2\/product_cat?post=6306"},{"taxonomy":"product_tag","embeddable":true,"href":"https:\/\/grupo-sintese.com\/es\/wp-json\/wp\/v2\/product_tag?post=6306"}],"curies":[{"name":"wp","href":"https:\/\/api.w.org\/{rel}","templated":true}]}}