{"id":6267,"date":"2022-11-22T12:36:21","date_gmt":"2022-11-22T12:36:21","guid":{"rendered":"https:\/\/lojadeescadas.com.br\/product\/escalera-extensible-con-peldano-en-d-remachada\/"},"modified":"2025-06-06T10:38:10","modified_gmt":"2025-06-06T13:38:10","slug":"escalera-extensible-con-peldano-en-d-rebitado","status":"publish","type":"product","link":"https:\/\/grupo-sintese.com\/es\/producto\/escalera-extensible-con-peldano-en-d-rebitado\/","title":{"rendered":"Escalera extensible con pelda\u00f1o en \u201cD\u201d remachado"},"content":{"rendered":"<p>&#8211; Escalera de fibra de vidrio, que garantiza una gran resistencia mec\u00e1nica con un peso reducido.<\/p>\n<p>&#8211; Pelda\u00f1os de aleaci\u00f3n de aluminio con tratamiento t\u00e9rmico y bordes antideslizantes.<\/p>\n<p>&#8211; Pelda\u00f1o en forma de \u201cD\u201d que permite mayor comodidad para el operador.<\/p>\n<p>&#8211; Carraca de aluminio.<\/p>\n<p>&#8211; Respaldo de cincha de nailon recubierta de caucho vulcanizado.<\/p>\n<p>&#8211; Accionamiento manual del tiro m\u00f3vil mediante polea(s) y sistema de cuerda.<\/p>\n<p>Fotos meramente ilustrativas.<\/p>\n","protected":false},"excerpt":{"rendered":"<p>&#8211; Escalera de fibra de vidrio, que garantiza una gran resistencia mec\u00e1nica con un peso reducido. &#8211; Pelda\u00f1os de aleaci\u00f3n de aluminio con tratamiento t\u00e9rmico y bordes antideslizantes. &#8211; Pelda\u00f1o en forma de \u201cD\u201d que permite mayor comodidad para el operador. &#8211; Carraca de aluminio. &#8211; Respaldo de cincha de nailon recubierta de caucho vulcanizado. [&hellip;]<\/p>\n","protected":false},"featured_media":4222,"comment_status":"open","ping_status":"closed","template":"","meta":{"_acf_changed":false,"_et_pb_use_builder":"","_et_pb_old_content":"","_et_gb_content_width":""},"product_brand":[],"product_cat":[150,160],"product_tag":[],"class_list":{"0":"post-6267","1":"product","2":"type-product","3":"status-publish","4":"has-post-thumbnail","6":"product_cat-destacados","7":"product_cat-extensible","9":"first","10":"instock","11":"taxable","12":"shipping-taxable","13":"purchasable","14":"product-type-variable"},"acf":[],"_links":{"self":[{"href":"https:\/\/grupo-sintese.com\/es\/wp-json\/wp\/v2\/product\/6267","targetHints":{"allow":["GET"]}}],"collection":[{"href":"https:\/\/grupo-sintese.com\/es\/wp-json\/wp\/v2\/product"}],"about":[{"href":"https:\/\/grupo-sintese.com\/es\/wp-json\/wp\/v2\/types\/product"}],"replies":[{"embeddable":true,"href":"https:\/\/grupo-sintese.com\/es\/wp-json\/wp\/v2\/comments?post=6267"}],"wp:featuredmedia":[{"embeddable":true,"href":"https:\/\/grupo-sintese.com\/es\/wp-json\/wp\/v2\/media\/4222"}],"wp:attachment":[{"href":"https:\/\/grupo-sintese.com\/es\/wp-json\/wp\/v2\/media?parent=6267"}],"wp:term":[{"taxonomy":"product_brand","embeddable":true,"href":"https:\/\/grupo-sintese.com\/es\/wp-json\/wp\/v2\/product_brand?post=6267"},{"taxonomy":"product_cat","embeddable":true,"href":"https:\/\/grupo-sintese.com\/es\/wp-json\/wp\/v2\/product_cat?post=6267"},{"taxonomy":"product_tag","embeddable":true,"href":"https:\/\/grupo-sintese.com\/es\/wp-json\/wp\/v2\/product_tag?post=6267"}],"curies":[{"name":"wp","href":"https:\/\/api.w.org\/{rel}","templated":true}]}}