{"id":16846,"date":"2025-01-30T20:51:10","date_gmt":"2025-01-30T23:51:10","guid":{"rendered":"https:\/\/lojadeescadas.com.br\/product\/eslinga-doble-y-en-yft-abs-707\/"},"modified":"2025-06-06T11:38:09","modified_gmt":"2025-06-06T14:38:09","slug":"eslinga-doble-y-en-yft-abs-707","status":"publish","type":"product","link":"https:\/\/grupo-sintese.com\/es\/producto\/eslinga-doble-y-en-yft-abs-707\/","title":{"rendered":"ESLINGA DOBLE \u201cY\u201d &#8211; EN YFT ABS &#8211; (707)"},"content":{"rendered":"<p><strong>Descripci\u00f3n<\/strong><br \/>\nElemento de amarre de seguridad modelo doble \u201cY\u201d fabricado con cinta de poli\u00e9ster de alta tenacidad de 45 mm, dos conectores de acero clase \u201cA\u201d<br \/>\ncon abertura de 55 mm, un conector de acero clase \u201cT\u201d, con abertura de 17 mm ambos<br \/>\nconectores con doble cierre de seguridad y absorbedor de energ\u00eda, con informe para usuarios de hasta 140 Kg. (ver uso correcto<br \/>\nen el manual de instrucciones)<\/p>\n<p><strong>Aplicaci\u00f3n<\/strong><br \/>\nEslinga utilizada para la detenci\u00f3n de ca\u00eddas en movimiento vertical y horizontal, as\u00ed como para restringir el movimiento<br \/>\n.<\/p>\n<p><strong>Conectado a correas:<\/strong><br \/>\nAT 7031 LE A3A, AT 7034 EL AES, AT 7030 EL, AT 7030 EL V, AT 7015, AT 7010, AT 7010 RT, AT 7015 A3A, AT 7015<br \/>\nA3A II, AT 7033 GRE, AT 7033 GRE AC, AT 7010 Agios, AT 7015 Athos II, AT 7015 Athos III, AT 7015 Athos Confort, AT<br \/>\n7015 Athos Confort II, AT 7015 Athos Confort PLUS II.<\/p>\n","protected":false},"excerpt":{"rendered":"<p>Descripci\u00f3n Elemento de amarre de seguridad modelo doble \u201cY\u201d fabricado con cinta de poli\u00e9ster de alta tenacidad de 45 mm, dos conectores de acero clase \u201cA\u201d con abertura de 55 mm, un conector de acero clase \u201cT\u201d, con abertura de 17 mm ambos conectores con doble cierre de seguridad y absorbedor de energ\u00eda, con informe [&hellip;]<\/p>\n","protected":false},"featured_media":15537,"comment_status":"closed","ping_status":"closed","template":"","meta":{"_acf_changed":false,"_et_pb_use_builder":"","_et_pb_old_content":"","_et_gb_content_width":""},"product_brand":[],"product_cat":[563,562],"product_tag":[],"class_list":{"0":"post-16846","1":"product","2":"type-product","3":"status-publish","4":"has-post-thumbnail","6":"product_cat-cordon","7":"product_cat-epis-es","9":"first","10":"instock","11":"taxable","12":"shipping-taxable","13":"purchasable","14":"product-type-simple"},"acf":[],"_links":{"self":[{"href":"https:\/\/grupo-sintese.com\/es\/wp-json\/wp\/v2\/product\/16846","targetHints":{"allow":["GET"]}}],"collection":[{"href":"https:\/\/grupo-sintese.com\/es\/wp-json\/wp\/v2\/product"}],"about":[{"href":"https:\/\/grupo-sintese.com\/es\/wp-json\/wp\/v2\/types\/product"}],"replies":[{"embeddable":true,"href":"https:\/\/grupo-sintese.com\/es\/wp-json\/wp\/v2\/comments?post=16846"}],"wp:featuredmedia":[{"embeddable":true,"href":"https:\/\/grupo-sintese.com\/es\/wp-json\/wp\/v2\/media\/15537"}],"wp:attachment":[{"href":"https:\/\/grupo-sintese.com\/es\/wp-json\/wp\/v2\/media?parent=16846"}],"wp:term":[{"taxonomy":"product_brand","embeddable":true,"href":"https:\/\/grupo-sintese.com\/es\/wp-json\/wp\/v2\/product_brand?post=16846"},{"taxonomy":"product_cat","embeddable":true,"href":"https:\/\/grupo-sintese.com\/es\/wp-json\/wp\/v2\/product_cat?post=16846"},{"taxonomy":"product_tag","embeddable":true,"href":"https:\/\/grupo-sintese.com\/es\/wp-json\/wp\/v2\/product_tag?post=16846"}],"curies":[{"name":"wp","href":"https:\/\/api.w.org\/{rel}","templated":true}]}}