{"id":16836,"date":"2025-01-30T20:55:40","date_gmt":"2025-01-30T23:55:40","guid":{"rendered":"https:\/\/lojadeescadas.com.br\/product\/cinturon-paracaidas-at-7015-a3a\/"},"modified":"2025-06-06T11:37:52","modified_gmt":"2025-06-06T14:37:52","slug":"cinturon-paracaidas-at-7015-a3a","status":"publish","type":"product","link":"https:\/\/grupo-sintese.com\/es\/producto\/cinturon-paracaidas-at-7015-a3a\/","title":{"rendered":"CINTUR\u00d3N PARACA\u00cdDAS &#8211; AT 7015 &#8211; A3A"},"content":{"rendered":"<p><strong>Descripci\u00f3n<\/strong><\/p>\n<p>\u039b Cintur\u00f3n de seguridad tipo paraca\u00eddas con 2 puntos de conexi\u00f3n y cintur\u00f3n abdominal integrado<br \/>\n\u039b Conexi\u00f3n dorsal, una anilla \u201cD\u201d inclinada de acero &#8211; Se utiliza para la detenci\u00f3n de ca\u00eddas (A)<br \/>\n\u039b Conexi\u00f3n lateral, dos anillas \u201cD\u201d inclinadas, de acero &#8211; Utilizada para posicionamiento (P)<br \/>\n\u039b De espuma EVA situada en la regi\u00f3n lumbar<br \/>\n\u039b De material sint\u00e9tico, cinta primaria de poli\u00e9ster de alta tenacidad de 45 mm<br \/>\n\u039b Costura Athenas Zig-Zag: Desarrollado para proporcionar una gran resistencia, realizado en m\u00e1quinas automatizadas<\/p>\n<p> \u039b Hebillas dobles de acero para el ajuste de piernas, cintura y tirantes<br \/>\n\u039b Dispositivos de pol\u00edmero complementarios al ajuste para guardar la cinta sobrante<\/p>\n<p><strong>Aplicaci\u00f3n<\/strong><br \/>\nTrabajo en altura en detenci\u00f3n de ca\u00eddas, restricci\u00f3n de movimientos y posicionamiento<\/p>\n","protected":false},"excerpt":{"rendered":"<p>Descripci\u00f3n \u039b Cintur\u00f3n de seguridad tipo paraca\u00eddas con 2 puntos de conexi\u00f3n y cintur\u00f3n abdominal integrado \u039b Conexi\u00f3n dorsal, una anilla \u201cD\u201d inclinada de acero &#8211; Se utiliza para la detenci\u00f3n de ca\u00eddas (A) \u039b Conexi\u00f3n lateral, dos anillas \u201cD\u201d inclinadas, de acero &#8211; Utilizada para posicionamiento (P) \u039b De espuma EVA situada en la [&hellip;]<\/p>\n","protected":false},"featured_media":15541,"comment_status":"closed","ping_status":"closed","template":"","meta":{"_acf_changed":false,"_et_pb_use_builder":"","_et_pb_old_content":"","_et_gb_content_width":""},"product_brand":[],"product_cat":[566,562],"product_tag":[],"class_list":{"0":"post-16836","1":"product","2":"type-product","3":"status-publish","4":"has-post-thumbnail","6":"product_cat-cinturon","7":"product_cat-epis-es","9":"first","10":"instock","11":"taxable","12":"shipping-taxable","13":"purchasable","14":"product-type-simple"},"acf":[],"_links":{"self":[{"href":"https:\/\/grupo-sintese.com\/es\/wp-json\/wp\/v2\/product\/16836","targetHints":{"allow":["GET"]}}],"collection":[{"href":"https:\/\/grupo-sintese.com\/es\/wp-json\/wp\/v2\/product"}],"about":[{"href":"https:\/\/grupo-sintese.com\/es\/wp-json\/wp\/v2\/types\/product"}],"replies":[{"embeddable":true,"href":"https:\/\/grupo-sintese.com\/es\/wp-json\/wp\/v2\/comments?post=16836"}],"wp:featuredmedia":[{"embeddable":true,"href":"https:\/\/grupo-sintese.com\/es\/wp-json\/wp\/v2\/media\/15541"}],"wp:attachment":[{"href":"https:\/\/grupo-sintese.com\/es\/wp-json\/wp\/v2\/media?parent=16836"}],"wp:term":[{"taxonomy":"product_brand","embeddable":true,"href":"https:\/\/grupo-sintese.com\/es\/wp-json\/wp\/v2\/product_brand?post=16836"},{"taxonomy":"product_cat","embeddable":true,"href":"https:\/\/grupo-sintese.com\/es\/wp-json\/wp\/v2\/product_cat?post=16836"},{"taxonomy":"product_tag","embeddable":true,"href":"https:\/\/grupo-sintese.com\/es\/wp-json\/wp\/v2\/product_tag?post=16836"}],"curies":[{"name":"wp","href":"https:\/\/api.w.org\/{rel}","templated":true}]}}