{"id":16818,"date":"2025-01-30T20:40:46","date_gmt":"2025-01-30T23:40:46","guid":{"rendered":"https:\/\/lojadeescadas.com.br\/product\/cinturon-paracaidas-at-7015-athos-confort-ii\/"},"modified":"2025-06-06T11:37:43","modified_gmt":"2025-06-06T14:37:43","slug":"cinturon-paracaidas-at-7015-athos-confort-ii","status":"publish","type":"product","link":"https:\/\/grupo-sintese.com\/es\/producto\/cinturon-paracaidas-at-7015-athos-confort-ii\/","title":{"rendered":"CINTUR\u00d3N PARACA\u00cdDAS &#8211; AT 7015 &#8211; ATHOS CONFORT II"},"content":{"rendered":"<p><strong>Descripci\u00f3n<\/strong><br \/>\n\u039b Arn\u00e9s de seguridad tipo paraca\u00eddas con 4 puntos de conexi\u00f3n<br \/>\n\u039b Conexi\u00f3n dorsal, una anilla \u201cD\u201d de acero inclinada &#8211; Utilizada para la detenci\u00f3n de ca\u00eddas (A)<br \/>\n\u039b Conexi\u00f3n pectoral formada por dos puntos de cinta de poli\u00e9ster para utilizar juntos<br \/>\n(A\/2)<br \/>\n\u039b Conexi\u00f3n lateral, dos anillas \u201cD\u201d inclinadas de acero, utilizadas para trabajos de posicionamiento (P)<br \/>\n\u039b Conexi\u00f3n de suspensi\u00f3n, dos cintas de poli\u00e9ster para los hombros, &#8211; Utilizada para suspensi\u00f3n y rescate (S)<br \/>\n\u039b De material sint\u00e9tico, cinta primaria de poli\u00e9ster de alta tenacidad de 45 mm<br \/>\n\u039b Homologada para usuarios de hasta 140 kg. Ver informaci\u00f3n adicional del fabricante<br \/>\n\u039b Confort de espuma EVA situada en la zona lumbar<br \/>\n\u039b Costuras Athenas Zig-Zag: desarrolladas para ofrecer una gran resistencia, fabricadas en una m\u00e1quina automatizada<br \/>\n\u039b Hebillas dobles de acero para ajustar las perneras, la cintura y los tirantes<br \/>\n\u039b Dispositivos de pol\u00edmero complementarios al ajuste para guardar la cinta sobrante<br \/>\n\u039b Indicador de ca\u00edda f\u00e1cil de ver para facilitar la inspecci\u00f3n<\/p>\n<p><strong>Aplicaci\u00f3n<\/strong><br \/>\nTrabajos en altura, antica\u00eddas, posicionamiento y trabajos en suspensi\u00f3n.<\/p>\n","protected":false},"excerpt":{"rendered":"<p>Descripci\u00f3n \u039b Arn\u00e9s de seguridad tipo paraca\u00eddas con 4 puntos de conexi\u00f3n \u039b Conexi\u00f3n dorsal, una anilla \u201cD\u201d de acero inclinada &#8211; Utilizada para la detenci\u00f3n de ca\u00eddas (A) \u039b Conexi\u00f3n pectoral formada por dos puntos de cinta de poli\u00e9ster para utilizar juntos (A\/2) \u039b Conexi\u00f3n lateral, dos anillas \u201cD\u201d inclinadas de acero, utilizadas para [&hellip;]<\/p>\n","protected":false},"featured_media":15525,"comment_status":"closed","ping_status":"closed","template":"","meta":{"_acf_changed":false,"_et_pb_use_builder":"","_et_pb_old_content":"","_et_gb_content_width":""},"product_brand":[],"product_cat":[566,562],"product_tag":[],"class_list":{"0":"post-16818","1":"product","2":"type-product","3":"status-publish","4":"has-post-thumbnail","6":"product_cat-cinturon","7":"product_cat-epis-es","9":"first","10":"instock","11":"taxable","12":"shipping-taxable","13":"purchasable","14":"product-type-simple"},"acf":[],"_links":{"self":[{"href":"https:\/\/grupo-sintese.com\/es\/wp-json\/wp\/v2\/product\/16818","targetHints":{"allow":["GET"]}}],"collection":[{"href":"https:\/\/grupo-sintese.com\/es\/wp-json\/wp\/v2\/product"}],"about":[{"href":"https:\/\/grupo-sintese.com\/es\/wp-json\/wp\/v2\/types\/product"}],"replies":[{"embeddable":true,"href":"https:\/\/grupo-sintese.com\/es\/wp-json\/wp\/v2\/comments?post=16818"}],"wp:featuredmedia":[{"embeddable":true,"href":"https:\/\/grupo-sintese.com\/es\/wp-json\/wp\/v2\/media\/15525"}],"wp:attachment":[{"href":"https:\/\/grupo-sintese.com\/es\/wp-json\/wp\/v2\/media?parent=16818"}],"wp:term":[{"taxonomy":"product_brand","embeddable":true,"href":"https:\/\/grupo-sintese.com\/es\/wp-json\/wp\/v2\/product_brand?post=16818"},{"taxonomy":"product_cat","embeddable":true,"href":"https:\/\/grupo-sintese.com\/es\/wp-json\/wp\/v2\/product_cat?post=16818"},{"taxonomy":"product_tag","embeddable":true,"href":"https:\/\/grupo-sintese.com\/es\/wp-json\/wp\/v2\/product_tag?post=16818"}],"curies":[{"name":"wp","href":"https:\/\/api.w.org\/{rel}","templated":true}]}}