{"id":16798,"date":"2025-01-30T20:47:51","date_gmt":"2025-01-30T23:47:51","guid":{"rendered":"https:\/\/lojadeescadas.com.br\/product\/anticaidas-con-prolongador-de-cuerda-a-7070-c-ac\/"},"modified":"2025-06-06T11:37:38","modified_gmt":"2025-06-06T14:37:38","slug":"anticaidas-con-prolongador-de-cuerda-a-7070-c-ac","status":"publish","type":"product","link":"https:\/\/grupo-sintese.com\/es\/producto\/anticaidas-con-prolongador-de-cuerda-a-7070-c-ac\/","title":{"rendered":"ANTICA\u00cdDAS CON PROLONGADOR DE CUERDA &#8211; A 7070 C AC"},"content":{"rendered":"<p><strong>Descripci\u00f3n<\/strong><br \/>\nDispositivo antica\u00eddas para cuerdas de hasta 12 mm con cuerpo de acero al carbono, levas redondeadas<br \/>\n(bloqueos internos) para aumentar la vida \u00fatil de la cuerda, conector de clase T (abertura de 17 mm) utilizado<br \/>\nen el punto de conexi\u00f3n dorsal o tor\u00e1cico del paraca\u00eddas\/descensor abdominal.<br \/>\nAplicaci\u00f3n<br \/>\nDesplazamiento vertical en apoyo, y l\u00ednea de vida vertical en descensos por cuerda acompa\u00f1ando al trabajador en<br \/>\nascenso y descenso, y se bloquea autom\u00e1ticamente en caso de ca\u00edda.<\/p>\n<p><strong>Conectada a correas:<\/strong><br \/>\nAT 7031 LE A3A, AT 7034 EL AES, AT 7030 EL, AT 7030 EL V, AT 7015, AT 7010, AT 7010 RT,<br \/>\nAT 7015 A3A, AT 7015 A3A II, AT 7033 GRE, AT 7033 GRE AC, AT 7010 Agios, AT 7015 Athos,<br \/>\nAT 7015 Athos III, AT 7015 Athos Confort, AT 7015 Athos Confort II, AT 7015 Athos Confort<br \/>\nPLUS II, AT 7015 Athos Confort Plus, AT 7015 Athos Confort Plus, AT 7015 Athos Confort Plus Aramid.<\/p>\n","protected":false},"excerpt":{"rendered":"<p>Descripci\u00f3n Dispositivo antica\u00eddas para cuerdas de hasta 12 mm con cuerpo de acero al carbono, levas redondeadas (bloqueos internos) para aumentar la vida \u00fatil de la cuerda, conector de clase T (abertura de 17 mm) utilizado en el punto de conexi\u00f3n dorsal o tor\u00e1cico del paraca\u00eddas\/descensor abdominal. Aplicaci\u00f3n Desplazamiento vertical en apoyo, y l\u00ednea de [&hellip;]<\/p>\n","protected":false},"featured_media":15533,"comment_status":"closed","ping_status":"closed","template":"","meta":{"_acf_changed":false,"_et_pb_use_builder":"","_et_pb_old_content":"","_et_gb_content_width":""},"product_brand":[],"product_cat":[565,562],"product_tag":[],"class_list":{"0":"post-16798","1":"product","2":"type-product","3":"status-publish","4":"has-post-thumbnail","6":"product_cat-anticaidas","7":"product_cat-epis-es","9":"first","10":"instock","11":"taxable","12":"shipping-taxable","13":"purchasable","14":"product-type-simple"},"acf":[],"_links":{"self":[{"href":"https:\/\/grupo-sintese.com\/es\/wp-json\/wp\/v2\/product\/16798","targetHints":{"allow":["GET"]}}],"collection":[{"href":"https:\/\/grupo-sintese.com\/es\/wp-json\/wp\/v2\/product"}],"about":[{"href":"https:\/\/grupo-sintese.com\/es\/wp-json\/wp\/v2\/types\/product"}],"replies":[{"embeddable":true,"href":"https:\/\/grupo-sintese.com\/es\/wp-json\/wp\/v2\/comments?post=16798"}],"wp:featuredmedia":[{"embeddable":true,"href":"https:\/\/grupo-sintese.com\/es\/wp-json\/wp\/v2\/media\/15533"}],"wp:attachment":[{"href":"https:\/\/grupo-sintese.com\/es\/wp-json\/wp\/v2\/media?parent=16798"}],"wp:term":[{"taxonomy":"product_brand","embeddable":true,"href":"https:\/\/grupo-sintese.com\/es\/wp-json\/wp\/v2\/product_brand?post=16798"},{"taxonomy":"product_cat","embeddable":true,"href":"https:\/\/grupo-sintese.com\/es\/wp-json\/wp\/v2\/product_cat?post=16798"},{"taxonomy":"product_tag","embeddable":true,"href":"https:\/\/grupo-sintese.com\/es\/wp-json\/wp\/v2\/product_tag?post=16798"}],"curies":[{"name":"wp","href":"https:\/\/api.w.org\/{rel}","templated":true}]}}