{"id":12816,"date":"2023-10-17T14:24:20","date_gmt":"2023-10-17T17:24:20","guid":{"rendered":"https:\/\/lojadeescadas.com.br\/?product=cinturon-paracaidas-abdominal-de-04-puntos-con-enganche-rapido-electricista"},"modified":"2025-06-06T11:38:33","modified_gmt":"2025-06-06T14:38:33","slug":"cinturon-paracaidas-abdominal-de-04-puntos-con-enganche-rapido-electricista","status":"publish","type":"product","link":"https:\/\/grupo-sintese.com\/es\/producto\/cinturon-paracaidas-abdominal-de-04-puntos-con-enganche-rapido-electricista\/","title":{"rendered":"CINTUR\u00d3N PARACA\u00cdDAS ABDOMINAL DE 04 PUNTOS CON ENGANCHE R\u00c1PIDO (ELECTRICISTA)"},"content":{"rendered":"<p><strong>Producto:<\/strong><\/p>\n<p>&nbsp;<\/p>\n<p>Arn\u00e9s de seguridad abdominal tipo paraca\u00eddas con 04 puntos de conexi\u00f3n y ajuste total, fabricado con cinta de poli\u00e9ster multifilamento de alta resistencia.<\/p>\n<p>&nbsp;<\/p>\n<p>&nbsp;<\/p>\n<p><strong>Descripci\u00f3n:<\/strong><\/p>\n<p>&gt;  04 puntos de conexi\u00f3n:<\/p>\n<p>&#8211; 01 media anilla dorsal de acero para detenci\u00f3n de ca\u00eddas;<\/p>\n<p>&#8211; 01 conexi\u00f3n A\/4 de poli\u00e9ster para enganche simult\u00e1neo al t\u00f3rax para detenci\u00f3n de ca\u00eddas;<\/p>\n<p>&#8211; 02 semianillos laterales de acero para posicionamiento;<\/p>\n<p>&nbsp;<\/p>\n<p>&#8211; 03 hebillas r\u00e1pidas de acero, una en la cintura y dos en los muslos;<\/p>\n<p>&#8211; 08 hebillas de ajuste de acero, dos para el pecho, dos para los muslos, dos para la cintura y dos para la espalda;<\/p>\n<p>&#8211; Cierre de pecho con hebilla de liberaci\u00f3n r\u00e1pida de pol\u00edmero;<\/p>\n<p>&#8211; 02 asas de poli\u00e9ster forradas con manguera como portaherramientas o apoyo para cordones;<\/p>\n<p>&#8211; Dispone de coj\u00edn lumbar y muslera para mayor comodidad y protecci\u00f3n.<\/p>\n<p>&nbsp;<\/p>\n<p>&nbsp;<\/p>\n<p>CA: 48.138<\/p>\n<p>Colores: naranja y azul<\/p>\n<p>Talla: \u00fanica<\/p>\n<p>C\u00f3digo: 5125<\/p>\n<p>Norma: NR 35, NBR 15835:2020, NBR 15836:2020<\/p>\n","protected":false},"excerpt":{"rendered":"<p>Producto: &nbsp; Arn\u00e9s de seguridad abdominal tipo paraca\u00eddas con 04 puntos de conexi\u00f3n y ajuste total, fabricado con cinta de poli\u00e9ster multifilamento de alta resistencia. &nbsp; &nbsp; Descripci\u00f3n: &gt; 04 puntos de conexi\u00f3n: &#8211; 01 media anilla dorsal de acero para detenci\u00f3n de ca\u00eddas; &#8211; 01 conexi\u00f3n A\/4 de poli\u00e9ster para enganche simult\u00e1neo al t\u00f3rax [&hellip;]<\/p>\n","protected":false},"featured_media":0,"comment_status":"closed","ping_status":"closed","template":"","meta":{"_acf_changed":false,"_et_pb_use_builder":"","_et_pb_old_content":"","_et_gb_content_width":""},"product_brand":[],"product_cat":[566,562],"product_tag":[],"class_list":{"0":"post-12816","1":"product","2":"type-product","3":"status-publish","5":"product_cat-cinturon","6":"product_cat-epis-es","8":"first","9":"instock","10":"sale","11":"taxable","12":"shipping-taxable","13":"purchasable","14":"product-type-simple"},"acf":[],"_links":{"self":[{"href":"https:\/\/grupo-sintese.com\/es\/wp-json\/wp\/v2\/product\/12816","targetHints":{"allow":["GET"]}}],"collection":[{"href":"https:\/\/grupo-sintese.com\/es\/wp-json\/wp\/v2\/product"}],"about":[{"href":"https:\/\/grupo-sintese.com\/es\/wp-json\/wp\/v2\/types\/product"}],"replies":[{"embeddable":true,"href":"https:\/\/grupo-sintese.com\/es\/wp-json\/wp\/v2\/comments?post=12816"}],"wp:attachment":[{"href":"https:\/\/grupo-sintese.com\/es\/wp-json\/wp\/v2\/media?parent=12816"}],"wp:term":[{"taxonomy":"product_brand","embeddable":true,"href":"https:\/\/grupo-sintese.com\/es\/wp-json\/wp\/v2\/product_brand?post=12816"},{"taxonomy":"product_cat","embeddable":true,"href":"https:\/\/grupo-sintese.com\/es\/wp-json\/wp\/v2\/product_cat?post=12816"},{"taxonomy":"product_tag","embeddable":true,"href":"https:\/\/grupo-sintese.com\/es\/wp-json\/wp\/v2\/product_tag?post=12816"}],"curies":[{"name":"wp","href":"https:\/\/api.w.org\/{rel}","templated":true}]}}