{"id":12812,"date":"2023-10-17T03:17:21","date_gmt":"2023-10-17T03:17:21","guid":{"rendered":"https:\/\/lojadeescadas.com.br\/?product=cinturon-abdominal-paracaidas-4-puntos-de-conexion-ajuste-completo"},"modified":"2025-06-06T11:38:43","modified_gmt":"2025-06-06T14:38:43","slug":"cinturon-abdominal-paracaidas-4-puntos-de-conexion-ajuste-completo","status":"publish","type":"product","link":"https:\/\/grupo-sintese.com\/es\/producto\/cinturon-abdominal-paracaidas-4-puntos-de-conexion-ajuste-completo\/","title":{"rendered":"CINTUR\u00d3N ABDOMINAL PARACA\u00cdDAS 4 PUNTOS DE CONEXI\u00d3N AJUSTE TOTAL"},"content":{"rendered":"<p>Producto:<\/p>\n<p>Arn\u00e9s de seguridad abdominal tipo paraca\u00eddas con 04 puntos de conexi\u00f3n y ajuste total, fabricado con cinta de poli\u00e9ster multifilamento de alta resistencia.<\/p>\n<p>&nbsp;<\/p>\n<p>Descripci\u00f3n:<\/p>\n<p>&gt;  04 puntos de conexi\u00f3n:<\/p>\n<p>&#8211; 01 media anilla dorsal de acero para detenci\u00f3n de ca\u00eddas;<\/p>\n<p>&#8211; Conexi\u00f3n de poli\u00e9ster 01 A\/2 para sujeci\u00f3n simult\u00e1nea al pecho para detenci\u00f3n de ca\u00eddas;<\/p>\n<p>&#8211; 02 semianillos laterales de acero para posicionamiento;<\/p>\n<p>&nbsp;<\/p>\n<p>&#8211; 05 hebillas de ajuste de acero, dos en el pecho, dos en los muslos y una en la cintura;<\/p>\n<p>&nbsp;<\/p>\n<p>&#8211; Tiene un coj\u00edn lumbar para comodidad y protecci\u00f3n del usuario.<\/p>\n<p>&nbsp;<\/p>\n<p>Nota:<\/p>\n<p>&#8211; Tirantes de poli\u00e9ster 02 opcionales para suspensi\u00f3n en espacios reducidos;<\/p>\n<p>&#8211; Almohadilla opcional en el muslo para mayor comodidad y protecci\u00f3n del usuario.<\/p>\n<p>&nbsp;<\/p>\n<p>CA: 47.931<\/p>\n<p>Colores: naranja y azul<\/p>\n<p>Talla: \u00fanica<\/p>\n<p>C\u00f3digo: 5100<\/p>\n<p>Norma: NR 35, NBR 15835:2020, NBR 15836:2020<\/p>\n<div><\/div>\n","protected":false},"excerpt":{"rendered":"<p>Producto: Arn\u00e9s de seguridad abdominal tipo paraca\u00eddas con 04 puntos de conexi\u00f3n y ajuste total, fabricado con cinta de poli\u00e9ster multifilamento de alta resistencia. &nbsp; Descripci\u00f3n: &gt; 04 puntos de conexi\u00f3n: &#8211; 01 media anilla dorsal de acero para detenci\u00f3n de ca\u00eddas; &#8211; Conexi\u00f3n de poli\u00e9ster 01 A\/2 para sujeci\u00f3n simult\u00e1nea al pecho para detenci\u00f3n [&hellip;]<\/p>\n","protected":false},"featured_media":11029,"comment_status":"open","ping_status":"closed","template":"","meta":{"_acf_changed":false,"_et_pb_use_builder":"","_et_pb_old_content":"","_et_gb_content_width":""},"product_brand":[],"product_cat":[566,562],"product_tag":[],"class_list":{"0":"post-12812","1":"product","2":"type-product","3":"status-publish","4":"has-post-thumbnail","6":"product_cat-cinturon","7":"product_cat-epis-es","9":"first","10":"instock","11":"taxable","12":"shipping-taxable","13":"purchasable","14":"product-type-simple"},"acf":[],"_links":{"self":[{"href":"https:\/\/grupo-sintese.com\/es\/wp-json\/wp\/v2\/product\/12812","targetHints":{"allow":["GET"]}}],"collection":[{"href":"https:\/\/grupo-sintese.com\/es\/wp-json\/wp\/v2\/product"}],"about":[{"href":"https:\/\/grupo-sintese.com\/es\/wp-json\/wp\/v2\/types\/product"}],"replies":[{"embeddable":true,"href":"https:\/\/grupo-sintese.com\/es\/wp-json\/wp\/v2\/comments?post=12812"}],"wp:featuredmedia":[{"embeddable":true,"href":"https:\/\/grupo-sintese.com\/es\/wp-json\/wp\/v2\/media\/11029"}],"wp:attachment":[{"href":"https:\/\/grupo-sintese.com\/es\/wp-json\/wp\/v2\/media?parent=12812"}],"wp:term":[{"taxonomy":"product_brand","embeddable":true,"href":"https:\/\/grupo-sintese.com\/es\/wp-json\/wp\/v2\/product_brand?post=12812"},{"taxonomy":"product_cat","embeddable":true,"href":"https:\/\/grupo-sintese.com\/es\/wp-json\/wp\/v2\/product_cat?post=12812"},{"taxonomy":"product_tag","embeddable":true,"href":"https:\/\/grupo-sintese.com\/es\/wp-json\/wp\/v2\/product_tag?post=12812"}],"curies":[{"name":"wp","href":"https:\/\/api.w.org\/{rel}","templated":true}]}}