{"id":12803,"date":"2023-10-17T14:22:28","date_gmt":"2023-10-17T14:22:28","guid":{"rendered":"https:\/\/lojadeescadas.com.br\/?product=cinturon-abdominal-paracaidas-con-6-puntos-de-conexion-cinta-reflectante-y-correas-de-rescate-confinadas"},"modified":"2025-06-06T11:38:35","modified_gmt":"2025-06-06T14:38:35","slug":"cinturon-abdominal-paracaidas-con-6-puntos-de-conexion-cinta-reflectante-y-correas-de-rescate-confinadas","status":"publish","type":"product","link":"https:\/\/grupo-sintese.com\/es\/producto\/cinturon-abdominal-paracaidas-con-6-puntos-de-conexion-cinta-reflectante-y-correas-de-rescate-confinadas\/","title":{"rendered":"CINTUR\u00d3N ABDOMINAL PARACA\u00cdDAS CON 6 PUNTOS DE CONEXI\u00d3N, CINTA REFLECTANTE Y CORREAS DE RESCATE CONFINADAS"},"content":{"rendered":"<p><strong>Producto:  <\/strong><\/p>\n<p>Arn\u00e9s de seguridad abdominal tipo paraca\u00eddas con 06 puntos de conexi\u00f3n y ajuste total, fabricado con cinta de poli\u00e9ster multifilamento de alta resistencia.<\/p>\n<p>&nbsp;<\/p>\n<p><strong>Descripci\u00f3n:<\/strong><\/p>\n<p>&nbsp;<\/p>\n<p>&gt;  06 puntos de conexi\u00f3n:<\/p>\n<p>&#8211; 01 media anilla dorsal de acero para detenci\u00f3n de ca\u00eddas;<\/p>\n<p>&#8211; Conexi\u00f3n de poli\u00e9ster 01 A\/2 para sujeci\u00f3n simult\u00e1nea al pecho para detenci\u00f3n de ca\u00eddas;<\/p>\n<p>&#8211; 02 semianillos laterales de acero para posicionamiento;<\/p>\n<p>&#8211; 02 tirantes de poli\u00e9ster;<\/p>\n<p>&nbsp;<\/p>\n<p>&#8211; 05 hebillas de ajuste de acero, dos en el pecho, dos en los muslos y una en la cintura;<\/p>\n<p>&nbsp;<\/p>\n<p>&#8211; Lleva cinta reflectante en el pecho y la espalda;<\/p>\n<p>&#8211; Dispone de dos portaherramientas de cinta tubular de poli\u00e9ster en los laterales;<\/p>\n<p>&#8211; Tiene un coj\u00edn lumbar para comodidad y protecci\u00f3n del usuario.<\/p>\n<p>&nbsp;<\/p>\n<p>&nbsp;<\/p>\n<p>CA: 47,933<\/p>\n<p>Colores: naranja y azul<\/p>\n<p>Talla: \u00fanica<\/p>\n<p>C\u00f3digo: 5115<\/p>\n<p>Norma: NR 35, NBR 15835:2020, NBR 15836:2020<\/p>\n","protected":false},"excerpt":{"rendered":"<p>Producto: Arn\u00e9s de seguridad abdominal tipo paraca\u00eddas con 06 puntos de conexi\u00f3n y ajuste total, fabricado con cinta de poli\u00e9ster multifilamento de alta resistencia. &nbsp; Descripci\u00f3n: &nbsp; &gt; 06 puntos de conexi\u00f3n: &#8211; 01 media anilla dorsal de acero para detenci\u00f3n de ca\u00eddas; &#8211; Conexi\u00f3n de poli\u00e9ster 01 A\/2 para sujeci\u00f3n simult\u00e1nea al pecho para [&hellip;]<\/p>\n","protected":false},"featured_media":11051,"comment_status":"closed","ping_status":"closed","template":"","meta":{"_acf_changed":false,"_et_pb_use_builder":"","_et_pb_old_content":"","_et_gb_content_width":""},"product_brand":[],"product_cat":[566,562],"product_tag":[],"class_list":{"0":"post-12803","1":"product","2":"type-product","3":"status-publish","4":"has-post-thumbnail","6":"product_cat-cinturon","7":"product_cat-epis-es","9":"first","10":"instock","11":"taxable","12":"shipping-taxable","13":"purchasable","14":"product-type-simple"},"acf":[],"_links":{"self":[{"href":"https:\/\/grupo-sintese.com\/es\/wp-json\/wp\/v2\/product\/12803","targetHints":{"allow":["GET"]}}],"collection":[{"href":"https:\/\/grupo-sintese.com\/es\/wp-json\/wp\/v2\/product"}],"about":[{"href":"https:\/\/grupo-sintese.com\/es\/wp-json\/wp\/v2\/types\/product"}],"replies":[{"embeddable":true,"href":"https:\/\/grupo-sintese.com\/es\/wp-json\/wp\/v2\/comments?post=12803"}],"wp:featuredmedia":[{"embeddable":true,"href":"https:\/\/grupo-sintese.com\/es\/wp-json\/wp\/v2\/media\/11051"}],"wp:attachment":[{"href":"https:\/\/grupo-sintese.com\/es\/wp-json\/wp\/v2\/media?parent=12803"}],"wp:term":[{"taxonomy":"product_brand","embeddable":true,"href":"https:\/\/grupo-sintese.com\/es\/wp-json\/wp\/v2\/product_brand?post=12803"},{"taxonomy":"product_cat","embeddable":true,"href":"https:\/\/grupo-sintese.com\/es\/wp-json\/wp\/v2\/product_cat?post=12803"},{"taxonomy":"product_tag","embeddable":true,"href":"https:\/\/grupo-sintese.com\/es\/wp-json\/wp\/v2\/product_tag?post=12803"}],"curies":[{"name":"wp","href":"https:\/\/api.w.org\/{rel}","templated":true}]}}