{"id":12800,"date":"2023-10-17T15:24:58","date_gmt":"2023-10-17T15:24:58","guid":{"rendered":"https:\/\/lojadeescadas.com.br\/?product=cinta-de-amarre-superior-de-escalera-de-5-puntos-con-abs"},"modified":"2025-06-06T11:39:03","modified_gmt":"2025-06-06T14:39:03","slug":"cinta-de-amarre-superior-de-escalera-de-5-puntos-con-abs","status":"publish","type":"product","link":"https:\/\/grupo-sintese.com\/es\/producto\/cinta-de-amarre-superior-de-escalera-de-5-puntos-con-abs\/","title":{"rendered":"CINTA DE AMARRE SUPERIOR DE ESCALERA DE 5 PUNTOS CON ABS"},"content":{"rendered":"<p><strong>Producto:  <\/strong><\/p>\n<p>Elemento de fijaci\u00f3n de la l\u00ednea de vida para escaleras port\u00e1tiles, fabricado con cinta de poli\u00e9ster y recubierto con cinta tubular de poli\u00e9ster.<\/p>\n<p><strong>Descripci\u00f3n:  <\/strong><\/p>\n<p>&#8211; Tiene 4 tacos con protecci\u00f3n contra la fricci\u00f3n recubiertos con cinta tubular de poli\u00e9ster;<\/p>\n<p>&#8211; Tiene velcro para unir los eslabones;<\/p>\n<p>&#8211; Tiene 1 c\u00e1ncamo con protecci\u00f3n contra la fricci\u00f3n en cinta de poli\u00e9ster y un absorbedor de energ\u00eda en cinta de poli\u00e9ster con un elemento termorretr\u00e1ctil.<\/p>\n<p>Colores: azul y naranja<\/p>\n<p>Ruptura: 25 kN<\/p>\n<p>C\u00f3digo: 1028<\/p>\n","protected":false},"excerpt":{"rendered":"<p>Producto: Elemento de fijaci\u00f3n de la l\u00ednea de vida para escaleras port\u00e1tiles, fabricado con cinta de poli\u00e9ster y recubierto con cinta tubular de poli\u00e9ster. Descripci\u00f3n: &#8211; Tiene 4 tacos con protecci\u00f3n contra la fricci\u00f3n recubiertos con cinta tubular de poli\u00e9ster; &#8211; Tiene velcro para unir los eslabones; &#8211; Tiene 1 c\u00e1ncamo con protecci\u00f3n contra la [&hellip;]<\/p>\n","protected":false},"featured_media":0,"comment_status":"closed","ping_status":"closed","template":"","meta":{"_acf_changed":false,"_et_pb_use_builder":"","_et_pb_old_content":"","_et_gb_content_width":""},"product_brand":[],"product_cat":[564,562],"product_tag":[],"class_list":{"0":"post-12800","1":"product","2":"type-product","3":"status-publish","5":"product_cat-accesorios-es","6":"product_cat-epis-es","8":"first","9":"instock","10":"taxable","11":"shipping-taxable","12":"purchasable","13":"product-type-simple"},"acf":[],"_links":{"self":[{"href":"https:\/\/grupo-sintese.com\/es\/wp-json\/wp\/v2\/product\/12800","targetHints":{"allow":["GET"]}}],"collection":[{"href":"https:\/\/grupo-sintese.com\/es\/wp-json\/wp\/v2\/product"}],"about":[{"href":"https:\/\/grupo-sintese.com\/es\/wp-json\/wp\/v2\/types\/product"}],"replies":[{"embeddable":true,"href":"https:\/\/grupo-sintese.com\/es\/wp-json\/wp\/v2\/comments?post=12800"}],"wp:attachment":[{"href":"https:\/\/grupo-sintese.com\/es\/wp-json\/wp\/v2\/media?parent=12800"}],"wp:term":[{"taxonomy":"product_brand","embeddable":true,"href":"https:\/\/grupo-sintese.com\/es\/wp-json\/wp\/v2\/product_brand?post=12800"},{"taxonomy":"product_cat","embeddable":true,"href":"https:\/\/grupo-sintese.com\/es\/wp-json\/wp\/v2\/product_cat?post=12800"},{"taxonomy":"product_tag","embeddable":true,"href":"https:\/\/grupo-sintese.com\/es\/wp-json\/wp\/v2\/product_tag?post=12800"}],"curies":[{"name":"wp","href":"https:\/\/api.w.org\/{rel}","templated":true}]}}