{"id":12787,"date":"2023-10-17T15:02:58","date_gmt":"2023-10-17T15:02:58","guid":{"rendered":"https:\/\/lojadeescadas.com.br\/?product=eslinga-y-correa-con-gancho-de-acero-abs-55mm"},"modified":"2025-06-06T11:38:56","modified_gmt":"2025-06-06T14:38:56","slug":"eslinga-y-correa-con-gancho-de-acero-abs-55mm","status":"publish","type":"product","link":"https:\/\/grupo-sintese.com\/es\/producto\/eslinga-y-correa-con-gancho-de-acero-abs-55mm\/","title":{"rendered":"ESLINGA Y CORREA CON GANCHO DE ACERO ABS 55MM"},"content":{"rendered":"<p><strong>Producto:<\/strong><\/p>\n<p>Elemento de amarre en doble \u201cY\u201d fabricado con cinta de poli\u00e9ster.<\/p>\n<p><strong>Descripci\u00f3n:  <\/strong><\/p>\n<p>&#8211; 02 conectores de acero de clase A con una abertura de 55\u00b13 mm;<\/p>\n<p>&#8211; 01 conector de acero clase T con abertura de 21\u00b13 mm;<\/p>\n<p>&#8211; Tiene un absorbedor de energ\u00eda de cinta de poli\u00e9ster con un elemento termorretr\u00e1ctil.<\/p>\n<p>Colores: naranja y azul<\/p>\n<p>Tama\u00f1o: Longitud m\u00e1xima 1,4 metros<\/p>\n<p>C\u00f3digo: 6305<\/p>\n<p>Normativa: NBR 14626:2020, NBR 15837:2020<\/p>\n","protected":false},"excerpt":{"rendered":"<p>Producto: Elemento de amarre en doble \u201cY\u201d fabricado con cinta de poli\u00e9ster. Descripci\u00f3n: &#8211; 02 conectores de acero de clase A con una abertura de 55\u00b13 mm; &#8211; 01 conector de acero clase T con abertura de 21\u00b13 mm; &#8211; Tiene un absorbedor de energ\u00eda de cinta de poli\u00e9ster con un elemento termorretr\u00e1ctil. Colores: naranja [&hellip;]<\/p>\n","protected":false},"featured_media":0,"comment_status":"closed","ping_status":"closed","template":"","meta":{"_acf_changed":false,"_et_pb_use_builder":"","_et_pb_old_content":"","_et_gb_content_width":""},"product_brand":[],"product_cat":[563,562],"product_tag":[],"class_list":{"0":"post-12787","1":"product","2":"type-product","3":"status-publish","5":"product_cat-cordon","6":"product_cat-epis-es","8":"first","9":"instock","10":"taxable","11":"shipping-taxable","12":"purchasable","13":"product-type-simple"},"acf":[],"_links":{"self":[{"href":"https:\/\/grupo-sintese.com\/es\/wp-json\/wp\/v2\/product\/12787","targetHints":{"allow":["GET"]}}],"collection":[{"href":"https:\/\/grupo-sintese.com\/es\/wp-json\/wp\/v2\/product"}],"about":[{"href":"https:\/\/grupo-sintese.com\/es\/wp-json\/wp\/v2\/types\/product"}],"replies":[{"embeddable":true,"href":"https:\/\/grupo-sintese.com\/es\/wp-json\/wp\/v2\/comments?post=12787"}],"wp:attachment":[{"href":"https:\/\/grupo-sintese.com\/es\/wp-json\/wp\/v2\/media?parent=12787"}],"wp:term":[{"taxonomy":"product_brand","embeddable":true,"href":"https:\/\/grupo-sintese.com\/es\/wp-json\/wp\/v2\/product_brand?post=12787"},{"taxonomy":"product_cat","embeddable":true,"href":"https:\/\/grupo-sintese.com\/es\/wp-json\/wp\/v2\/product_cat?post=12787"},{"taxonomy":"product_tag","embeddable":true,"href":"https:\/\/grupo-sintese.com\/es\/wp-json\/wp\/v2\/product_tag?post=12787"}],"curies":[{"name":"wp","href":"https:\/\/api.w.org\/{rel}","templated":true}]}}