{"id":12786,"date":"2023-10-17T15:41:55","date_gmt":"2023-10-17T15:41:55","guid":{"rendered":"https:\/\/lojadeescadas.com.br\/?product=kit-de-linea-de-vida-superior-de-aire"},"modified":"2025-06-06T11:37:44","modified_gmt":"2025-06-06T14:37:44","slug":"kit-de-linea-de-vida-superior-de-aire","status":"publish","type":"product","link":"https:\/\/grupo-sintese.com\/es\/producto\/kit-de-linea-de-vida-superior-de-aire\/","title":{"rendered":"KIT DE L\u00cdNEA DE VIDA SUPERIOR NEUM\u00c1TICA"},"content":{"rendered":"<p><strong>Producto:  <\/strong><\/p>\n<p>Un kit de productos dise\u00f1ados para satisfacer las necesidades diarias de los profesionales que trabajan en altura de forma pr\u00e1ctica y vers\u00e1til. Con un dise\u00f1o moderno y port\u00e1til, fabricado con cinta de poli\u00e9ster de alta resistencia y una l\u00ednea de vida de cuerda semiest\u00e1tica de 12 mm.<\/p>\n<p><strong>Descripci\u00f3n:  <\/strong><\/p>\n<p>&#8211; 01 correa de anclaje de 1,20 m para escalera;<\/p>\n<p>&#8211; 01 cinta de anclaje de 2 m para escalera;<\/p>\n<p>&#8211; 01 Juego de correas de anclaje con tirante;<\/p>\n<p>&#8211; 01 juego de cinta f\u00e1cil de manejar de 3,67 m \/ 0,40 m;<\/p>\n<p>&#8211; 01 Cinta de cuerda auxiliar;<\/p>\n<p>&#8211; 01 descensor de escalera de acero inoxidable;<\/p>\n<p>&#8211; 02 Mosquetones de rosca \u201cOval\u201d;<\/p>\n<p>&#8211; Cuerda semiest\u00e1tica de poliamida de 12 mm x 21 m;<\/p>\n<p>&#8211; 01 Bolsa de malla de lona;<\/p>\n<p>&#8211; 01 Bolsa de cuerda de rescate Air Top.<\/p>\n<p><strong>Nota:<\/strong><\/p>\n<p>&#8211; Cuerda semiest\u00e1tica opcional de poliamida de 12 mm x 40 m.<\/p>\n<p>Colores: azul y naranja<\/p>\n<p>C\u00f3digo: 1100<\/p>\n","protected":false},"excerpt":{"rendered":"<p>Producto: Un kit de productos dise\u00f1ados para satisfacer las necesidades diarias de los profesionales que trabajan en altura de forma pr\u00e1ctica y vers\u00e1til. Con un dise\u00f1o moderno y port\u00e1til, fabricado con cinta de poli\u00e9ster de alta resistencia y una l\u00ednea de vida de cuerda semiest\u00e1tica de 12 mm. Descripci\u00f3n: &#8211; 01 correa de anclaje de [&hellip;]<\/p>\n","protected":false},"featured_media":0,"comment_status":"closed","ping_status":"closed","template":"","meta":{"_acf_changed":false,"_et_pb_use_builder":"","_et_pb_old_content":"","_et_gb_content_width":""},"product_brand":[],"product_cat":[562,569],"product_tag":[],"class_list":{"0":"post-12786","1":"product","2":"type-product","3":"status-publish","5":"product_cat-epis-es","6":"product_cat-kits-es","8":"first","9":"instock","10":"taxable","11":"shipping-taxable","12":"purchasable","13":"product-type-simple"},"acf":[],"_links":{"self":[{"href":"https:\/\/grupo-sintese.com\/es\/wp-json\/wp\/v2\/product\/12786","targetHints":{"allow":["GET"]}}],"collection":[{"href":"https:\/\/grupo-sintese.com\/es\/wp-json\/wp\/v2\/product"}],"about":[{"href":"https:\/\/grupo-sintese.com\/es\/wp-json\/wp\/v2\/types\/product"}],"replies":[{"embeddable":true,"href":"https:\/\/grupo-sintese.com\/es\/wp-json\/wp\/v2\/comments?post=12786"}],"wp:attachment":[{"href":"https:\/\/grupo-sintese.com\/es\/wp-json\/wp\/v2\/media?parent=12786"}],"wp:term":[{"taxonomy":"product_brand","embeddable":true,"href":"https:\/\/grupo-sintese.com\/es\/wp-json\/wp\/v2\/product_brand?post=12786"},{"taxonomy":"product_cat","embeddable":true,"href":"https:\/\/grupo-sintese.com\/es\/wp-json\/wp\/v2\/product_cat?post=12786"},{"taxonomy":"product_tag","embeddable":true,"href":"https:\/\/grupo-sintese.com\/es\/wp-json\/wp\/v2\/product_tag?post=12786"}],"curies":[{"name":"wp","href":"https:\/\/api.w.org\/{rel}","templated":true}]}}