{"id":12785,"date":"2023-10-17T14:48:44","date_gmt":"2023-10-17T14:48:44","guid":{"rendered":"https:\/\/lojadeescadas.com.br\/?product=cinturon-paracaidas-abdominal-ignifugo-de-04-puntos-con-mosqueton-y-enganche-rapido"},"modified":"2025-06-06T11:38:32","modified_gmt":"2025-06-06T14:38:32","slug":"cinturon-paracaidas-abdominal-ignifugo-de-04-puntos-con-mosqueton-y-enganche-rapido","status":"publish","type":"product","link":"https:\/\/grupo-sintese.com\/es\/producto\/cinturon-paracaidas-abdominal-ignifugo-de-04-puntos-con-mosqueton-y-enganche-rapido\/","title":{"rendered":"CINTUR\u00d3N PARACA\u00cdDAS ABDOMINAL IGN\u00cdFUGO DE 04 PUNTOS CON MOSQUET\u00d3N Y ENGANCHE R\u00c1PIDO"},"content":{"rendered":"<p><strong>Producto:<\/strong><\/p>\n<p>Arn\u00e9s de seguridad abdominal tipo paraca\u00eddas con 04 puntos de conexi\u00f3n y ajuste total, fabricado con cinta de poli\u00e9ster multifilamento de alta resistencia con tratamiento ign\u00edfugo.<\/p>\n<p><strong>Descripci\u00f3n:<\/strong><\/p>\n<p>&gt;  04 puntos de conexi\u00f3n:<\/p>\n<p>&#8211; 01 media anilla dorsal de acero para detenci\u00f3n de ca\u00eddas;<\/p>\n<p>&#8211; 01 semianillo de acero para detenci\u00f3n de ca\u00eddas;<\/p>\n<p>&#8211; 02 semianillos laterales de acero para posicionamiento;<\/p>\n<p><strong>Descripci\u00f3n:  <\/strong><\/p>\n<p>&#8211; 03 hebillas r\u00e1pidas de acero, una en la cintura y dos en los muslos;<\/p>\n<p>&#8211; 04 hebillas de ajuste de acero, dos en el pecho y dos en los muslos;<\/p>\n<p>&#8211; 01 conector de acero de clase B con una abertura de 19\u00b13 mm como eslab\u00f3n de conexi\u00f3n umbilical;<\/p>\n<p>&#8211; 02 asas de poli\u00e9ster forradas con manguera como portaherramientas o apoyo para cordones;<\/p>\n<p>&#8211; Dispone de coj\u00edn lumbar y muslera para mayor comodidad y protecci\u00f3n.<\/p>\n<p>CA: 47.949<\/p>\n<p>Colores: naranja y azul<\/p>\n<p>Talla: \u00fanica<\/p>\n<p>C\u00f3digo: 5300<\/p>\n<p>Norma: NR 35, NBR 15835:2020, NBR 15836:2020<\/p>\n","protected":false},"excerpt":{"rendered":"<p>Producto: Arn\u00e9s de seguridad abdominal tipo paraca\u00eddas con 04 puntos de conexi\u00f3n y ajuste total, fabricado con cinta de poli\u00e9ster multifilamento de alta resistencia con tratamiento ign\u00edfugo. Descripci\u00f3n: &gt; 04 puntos de conexi\u00f3n: &#8211; 01 media anilla dorsal de acero para detenci\u00f3n de ca\u00eddas; &#8211; 01 semianillo de acero para detenci\u00f3n de ca\u00eddas; &#8211; 02 [&hellip;]<\/p>\n","protected":false},"featured_media":0,"comment_status":"closed","ping_status":"closed","template":"","meta":{"_acf_changed":false,"_et_pb_use_builder":"","_et_pb_old_content":"","_et_gb_content_width":""},"product_brand":[],"product_cat":[566,562],"product_tag":[],"class_list":{"0":"post-12785","1":"product","2":"type-product","3":"status-publish","5":"product_cat-cinturon","6":"product_cat-epis-es","8":"first","9":"instock","10":"taxable","11":"shipping-taxable","12":"purchasable","13":"product-type-simple"},"acf":[],"_links":{"self":[{"href":"https:\/\/grupo-sintese.com\/es\/wp-json\/wp\/v2\/product\/12785","targetHints":{"allow":["GET"]}}],"collection":[{"href":"https:\/\/grupo-sintese.com\/es\/wp-json\/wp\/v2\/product"}],"about":[{"href":"https:\/\/grupo-sintese.com\/es\/wp-json\/wp\/v2\/types\/product"}],"replies":[{"embeddable":true,"href":"https:\/\/grupo-sintese.com\/es\/wp-json\/wp\/v2\/comments?post=12785"}],"wp:attachment":[{"href":"https:\/\/grupo-sintese.com\/es\/wp-json\/wp\/v2\/media?parent=12785"}],"wp:term":[{"taxonomy":"product_brand","embeddable":true,"href":"https:\/\/grupo-sintese.com\/es\/wp-json\/wp\/v2\/product_brand?post=12785"},{"taxonomy":"product_cat","embeddable":true,"href":"https:\/\/grupo-sintese.com\/es\/wp-json\/wp\/v2\/product_cat?post=12785"},{"taxonomy":"product_tag","embeddable":true,"href":"https:\/\/grupo-sintese.com\/es\/wp-json\/wp\/v2\/product_tag?post=12785"}],"curies":[{"name":"wp","href":"https:\/\/api.w.org\/{rel}","templated":true}]}}