{"id":12769,"date":"2023-11-24T19:27:50","date_gmt":"2023-11-24T19:27:50","guid":{"rendered":"https:\/\/lojadeescadas.com.br\/?product=cinturon-paracaidas-abdominal-de-04-puntos-con-enganche-automatico-electricista"},"modified":"2025-06-06T11:37:40","modified_gmt":"2025-06-06T14:37:40","slug":"cinturon-paracaidas-abdominal-de-04-puntos-con-enganche-automatico-electricista","status":"publish","type":"product","link":"https:\/\/grupo-sintese.com\/es\/producto\/cinturon-paracaidas-abdominal-de-04-puntos-con-enganche-automatico-electricista\/","title":{"rendered":"CINTUR\u00d3N PARACA\u00cdDAS ABDOMINAL DE 04 PUNTOS CON ENGANCHE AUTOM\u00c1TICO (ELECTRICISTA)"},"content":{"rendered":"<p>Producto:<\/p>\n<p>Arn\u00e9s de seguridad abdominal tipo paraca\u00eddas con 04 puntos de conexi\u00f3n y ajuste total, fabricado con cinta de poli\u00e9ster multifilamento de alta resistencia.<\/p>\n<p>Descripci\u00f3n:<br \/>\n&gt;  04 puntos de conexi\u00f3n:<br \/>\n&#8211; 01 semianillo dorsal de acero para detenci\u00f3n de ca\u00eddas;<br \/>\n&#8211; 01 conexi\u00f3n A\/4 de poli\u00e9ster para acoplamiento tor\u00e1cico simult\u00e1neo para detenci\u00f3n de ca\u00eddas;<br \/>\n&#8211; 02 semianillos laterales de acero para posicionamiento;<\/p>\n<p>&#8211; 07 hebillas de acero para el ajuste, dos en el pecho, dos en los muslos y tres en la cintura;<br \/>\n&#8211; 02 asas de poli\u00e9ster forradas con manguera como portaherramientas o apoyos para el cord\u00f3n;<br \/>\n&#8211; Dispone de un coj\u00edn lumbar y otro en los muslos para mayor comodidad y protecci\u00f3n del usuario.<\/p>\n<p>CA: 47.932<br \/>\nColores: naranja y azul<br \/>\nTama\u00f1o: individual<br \/>\nC\u00f3digo: 5110<br \/>\nNorma: NR 35, NBR 15835:2020, NBR 15836:2020<\/p>\n","protected":false},"excerpt":{"rendered":"<p>Producto: Arn\u00e9s de seguridad abdominal tipo paraca\u00eddas con 04 puntos de conexi\u00f3n y ajuste total, fabricado con cinta de poli\u00e9ster multifilamento de alta resistencia. Descripci\u00f3n: &gt; 04 puntos de conexi\u00f3n: &#8211; 01 semianillo dorsal de acero para detenci\u00f3n de ca\u00eddas; &#8211; 01 conexi\u00f3n A\/4 de poli\u00e9ster para acoplamiento tor\u00e1cico simult\u00e1neo para detenci\u00f3n de ca\u00eddas; &#8211; [&hellip;]<\/p>\n","protected":false},"featured_media":12771,"comment_status":"closed","ping_status":"closed","template":"","meta":{"_acf_changed":false,"_et_pb_use_builder":"","_et_pb_old_content":"","_et_gb_content_width":""},"product_brand":[],"product_cat":[566,562],"product_tag":[],"class_list":{"0":"post-12769","1":"product","2":"type-product","3":"status-publish","4":"has-post-thumbnail","6":"product_cat-cinturon","7":"product_cat-epis-es","9":"first","10":"instock","11":"taxable","12":"shipping-taxable","13":"purchasable","14":"product-type-simple"},"acf":[],"_links":{"self":[{"href":"https:\/\/grupo-sintese.com\/es\/wp-json\/wp\/v2\/product\/12769","targetHints":{"allow":["GET"]}}],"collection":[{"href":"https:\/\/grupo-sintese.com\/es\/wp-json\/wp\/v2\/product"}],"about":[{"href":"https:\/\/grupo-sintese.com\/es\/wp-json\/wp\/v2\/types\/product"}],"replies":[{"embeddable":true,"href":"https:\/\/grupo-sintese.com\/es\/wp-json\/wp\/v2\/comments?post=12769"}],"wp:featuredmedia":[{"embeddable":true,"href":"https:\/\/grupo-sintese.com\/es\/wp-json\/wp\/v2\/media\/12771"}],"wp:attachment":[{"href":"https:\/\/grupo-sintese.com\/es\/wp-json\/wp\/v2\/media?parent=12769"}],"wp:term":[{"taxonomy":"product_brand","embeddable":true,"href":"https:\/\/grupo-sintese.com\/es\/wp-json\/wp\/v2\/product_brand?post=12769"},{"taxonomy":"product_cat","embeddable":true,"href":"https:\/\/grupo-sintese.com\/es\/wp-json\/wp\/v2\/product_cat?post=12769"},{"taxonomy":"product_tag","embeddable":true,"href":"https:\/\/grupo-sintese.com\/es\/wp-json\/wp\/v2\/product_tag?post=12769"}],"curies":[{"name":"wp","href":"https:\/\/api.w.org\/{rel}","templated":true}]}}