{"id":12768,"date":"2023-10-17T15:07:34","date_gmt":"2023-10-17T15:07:34","guid":{"rendered":"https:\/\/lojadeescadas.com.br\/?product=pestillo-de-extension-de-cable-de-acero-de-12-mm"},"modified":"2025-06-06T11:38:39","modified_gmt":"2025-06-06T14:38:39","slug":"pestillo-de-extension-de-cable-de-acero-de-12-mm","status":"publish","type":"product","link":"https:\/\/grupo-sintese.com\/es\/producto\/pestillo-de-extension-de-cable-de-acero-de-12-mm\/","title":{"rendered":"PESTILLO DE EXTENSI\u00d3N DE CUERDA DE ACERO DE 12 MM"},"content":{"rendered":"<p><strong>Producto:  <\/strong><\/p>\n<p>Antica\u00eddas deslizante de acero al carbono guiado por cabo flexible, dise\u00f1ado para cuerda de poliamida de 12 mm.<\/p>\n<p><strong>Descripci\u00f3n:<\/strong><\/p>\n<p>&#8211; Tiene 01 conector de acero clase T con una abertura de 21\u00b13 mm;<\/p>\n<p>&#8211; Tiene un extensor de correa de poli\u00e9ster.<\/p>\n<p>Colores: Azul<\/p>\n<p>C\u00f3digo: 7000<\/p>\n<p>Normativa: NBR 14626:2020, NBR 15837:2020<\/p>\n","protected":false},"excerpt":{"rendered":"<p>Producto: Antica\u00eddas deslizante de acero al carbono guiado por cabo flexible, dise\u00f1ado para cuerda de poliamida de 12 mm. Descripci\u00f3n: &#8211; Tiene 01 conector de acero clase T con una abertura de 21\u00b13 mm; &#8211; Tiene un extensor de correa de poli\u00e9ster. Colores: Azul C\u00f3digo: 7000 Normativa: NBR 14626:2020, NBR 15837:2020<\/p>\n","protected":false},"featured_media":0,"comment_status":"closed","ping_status":"closed","template":"","meta":{"_acf_changed":false,"_et_pb_use_builder":"","_et_pb_old_content":"","_et_gb_content_width":""},"product_brand":[],"product_cat":[565,562],"product_tag":[],"class_list":{"0":"post-12768","1":"product","2":"type-product","3":"status-publish","5":"product_cat-anticaidas","6":"product_cat-epis-es","8":"first","9":"instock","10":"taxable","11":"shipping-taxable","12":"purchasable","13":"product-type-simple"},"acf":[],"_links":{"self":[{"href":"https:\/\/grupo-sintese.com\/es\/wp-json\/wp\/v2\/product\/12768","targetHints":{"allow":["GET"]}}],"collection":[{"href":"https:\/\/grupo-sintese.com\/es\/wp-json\/wp\/v2\/product"}],"about":[{"href":"https:\/\/grupo-sintese.com\/es\/wp-json\/wp\/v2\/types\/product"}],"replies":[{"embeddable":true,"href":"https:\/\/grupo-sintese.com\/es\/wp-json\/wp\/v2\/comments?post=12768"}],"wp:attachment":[{"href":"https:\/\/grupo-sintese.com\/es\/wp-json\/wp\/v2\/media?parent=12768"}],"wp:term":[{"taxonomy":"product_brand","embeddable":true,"href":"https:\/\/grupo-sintese.com\/es\/wp-json\/wp\/v2\/product_brand?post=12768"},{"taxonomy":"product_cat","embeddable":true,"href":"https:\/\/grupo-sintese.com\/es\/wp-json\/wp\/v2\/product_cat?post=12768"},{"taxonomy":"product_tag","embeddable":true,"href":"https:\/\/grupo-sintese.com\/es\/wp-json\/wp\/v2\/product_tag?post=12768"}],"curies":[{"name":"wp","href":"https:\/\/api.w.org\/{rel}","templated":true}]}}