{"id":12760,"date":"2023-10-17T14:50:07","date_gmt":"2023-10-17T14:50:07","guid":{"rendered":"https:\/\/lojadeescadas.com.br\/?product=cordon-de-posicionamiento-cuerda-trenzada-regulador-de-acero-inoxidable"},"modified":"2025-06-06T11:39:12","modified_gmt":"2025-06-06T14:39:12","slug":"cordon-de-posicionamiento-cuerda-trenzada-regulador-de-acero-inoxidable","status":"publish","type":"product","link":"https:\/\/grupo-sintese.com\/es\/producto\/cordon-de-posicionamiento-cuerda-trenzada-regulador-de-acero-inoxidable\/","title":{"rendered":"POSICIONAMIENTO DE LA ESLINGA CUERDA TRENZADA REGULADOR DE ACERO INOXIDABLE"},"content":{"rendered":"<p class=\"MsoNormal\"><b><span style=\"mso-bidi-font-family: Calibri; mso-bidi-theme-font: minor-latin; color: black; mso-themecolor: text1; mso-font-kerning: 0pt;\">Producto:  <\/span><\/b><\/p>\n<p class=\"MsoNormal\" style=\"margin-bottom: .0001pt; line-height: normal;\"><span style=\"mso-bidi-font-family: Calibri; mso-bidi-theme-font: minor-latin; color: black; mso-themecolor: text1; mso-font-kerning: 0pt;\">Elemento de amarre ajustable para posicionamiento y sujeci\u00f3n, fabricado con cuerda de poli\u00e9ster trenzada de 14 mm recubierta de manguera.<\/span><\/p>\n<p class=\"MsoNormal\" style=\"margin-bottom: .0001pt; line-height: normal;\"><b><span style=\"mso-bidi-font-family: Calibri; mso-bidi-theme-font: minor-latin; color: black; mso-themecolor: text1; mso-font-kerning: 0pt;\">Descripci\u00f3n:  <\/span><\/b><\/p>\n<p class=\"MsoNormal\" style=\"margin-bottom: .0001pt; line-height: normal;\"><span style=\"mso-bidi-font-family: Calibri; mso-bidi-theme-font: minor-latin; color: black; mso-themecolor: text1; mso-font-kerning: 0pt;\">&#8211; 01 conector de acero clase T con abertura de 21\u00b13 mm;<\/span><\/p>\n<p class=\"MsoNormal\" style=\"margin-bottom: .0001pt; line-height: normal;\"><span style=\"mso-bidi-font-family: Calibri; mso-bidi-theme-font: minor-latin; color: black; mso-themecolor: text1; mso-font-kerning: 0pt;\">&#8211; 01 conector de acero clase B con abertura de 19\u00b13 mm;<\/span><\/p>\n<p class=\"MsoNormal\" style=\"margin-bottom: .0001pt; line-height: normal;\"><span style=\"mso-bidi-font-family: Calibri; mso-bidi-theme-font: minor-latin; color: black; mso-themecolor: text1; mso-font-kerning: 0pt;\">&#8211; Tiene un regulador de distancia de acero inoxidable.<\/span><\/p>\n<p class=\"MsoNormal\" style=\"margin-bottom: .0001pt; line-height: normal;\"><b><span style=\"mso-bidi-font-family: Calibri; mso-bidi-theme-font: minor-latin; color: black; mso-themecolor: text1; mso-font-kerning: 0pt;\">Nota:<\/span><\/b><\/p>\n<p class=\"MsoNormal\" style=\"margin-bottom: .0001pt; line-height: normal;\">&#8211; Protector de cuerda 01 opcional, para proteger y evitar el desgaste prematuro por rozamiento con superficies o aristas al trabajar en altura.<\/p>\n<p class=\"MsoNormal\" style=\"margin-bottom: .0001pt; line-height: normal;\"><span style=\"mso-bidi-font-family: Calibri; mso-bidi-theme-font: minor-latin; color: black; mso-themecolor: text1; mso-font-kerning: 0pt;\">Colores: naranja y azul<\/span><\/p>\n<p class=\"MsoNormal\" style=\"margin-bottom: .0001pt;\"><span style=\"mso-bidi-font-family: Calibri; mso-bidi-theme-font: minor-latin; color: black; mso-themecolor: text1; mso-font-kerning: 0pt;\">Tama\u00f1o: Longitud m\u00e1xima 2,00 metros<\/span><\/p>\n<p class=\"MsoNormal\" style=\"margin-bottom: .0001pt;\"><span style=\"mso-bidi-font-family: Calibri; mso-bidi-theme-font: minor-latin; color: black; mso-themecolor: text1; mso-font-kerning: 0pt;\">C\u00f3digo: 6000<\/span><\/p>\n<p class=\"MsoNormal\">Norma: NBR 15835:2020, NBR 15837:2020<\/p>\n","protected":false},"excerpt":{"rendered":"<p>Producto: Elemento de amarre ajustable para posicionamiento y sujeci\u00f3n, fabricado con cuerda de poli\u00e9ster trenzada de 14 mm recubierta de manguera. Descripci\u00f3n: &#8211; 01 conector de acero clase T con abertura de 21\u00b13 mm; &#8211; 01 conector de acero clase B con abertura de 19\u00b13 mm; &#8211; Tiene un regulador de distancia de acero inoxidable. [&hellip;]<\/p>\n","protected":false},"featured_media":0,"comment_status":"closed","ping_status":"closed","template":"","meta":{"_acf_changed":false,"_et_pb_use_builder":"","_et_pb_old_content":"","_et_gb_content_width":""},"product_brand":[],"product_cat":[563,562],"product_tag":[],"class_list":{"0":"post-12760","1":"product","2":"type-product","3":"status-publish","5":"product_cat-cordon","6":"product_cat-epis-es","8":"first","9":"instock","10":"taxable","11":"shipping-taxable","12":"purchasable","13":"product-type-simple"},"acf":[],"_links":{"self":[{"href":"https:\/\/grupo-sintese.com\/es\/wp-json\/wp\/v2\/product\/12760","targetHints":{"allow":["GET"]}}],"collection":[{"href":"https:\/\/grupo-sintese.com\/es\/wp-json\/wp\/v2\/product"}],"about":[{"href":"https:\/\/grupo-sintese.com\/es\/wp-json\/wp\/v2\/types\/product"}],"replies":[{"embeddable":true,"href":"https:\/\/grupo-sintese.com\/es\/wp-json\/wp\/v2\/comments?post=12760"}],"wp:attachment":[{"href":"https:\/\/grupo-sintese.com\/es\/wp-json\/wp\/v2\/media?parent=12760"}],"wp:term":[{"taxonomy":"product_brand","embeddable":true,"href":"https:\/\/grupo-sintese.com\/es\/wp-json\/wp\/v2\/product_brand?post=12760"},{"taxonomy":"product_cat","embeddable":true,"href":"https:\/\/grupo-sintese.com\/es\/wp-json\/wp\/v2\/product_cat?post=12760"},{"taxonomy":"product_tag","embeddable":true,"href":"https:\/\/grupo-sintese.com\/es\/wp-json\/wp\/v2\/product_tag?post=12760"}],"curies":[{"name":"wp","href":"https:\/\/api.w.org\/{rel}","templated":true}]}}