{"id":10462,"date":"2023-08-24T20:48:46","date_gmt":"2023-08-24T20:48:46","guid":{"rendered":"https:\/\/lojadeescadas.com.br\/?post_type=product&#038;p=10462"},"modified":"2025-06-06T11:38:55","modified_gmt":"2025-06-06T14:38:55","slug":"guia-con-abas-copy","status":"publish","type":"product","link":"https:\/\/grupo-sintese.com\/es\/producto\/guia-con-abas-copy\/","title":{"rendered":"Gu\u00eda con pesta\u00f1as de acabado\/apilado a la derecha"},"content":{"rendered":"<p>Tiene la funci\u00f3n de unir los perfiles (fijos y m\u00f3viles) y permite apilar las escaleras con una separaci\u00f3n perfecta entre los perfiles.<\/p>\n","protected":false},"excerpt":{"rendered":"<p>Tiene la funci\u00f3n de unir los perfiles (fijos y m\u00f3viles) y permite apilar las escaleras con una separaci\u00f3n perfecta entre los perfiles.<\/p>\n","protected":false},"featured_media":10558,"comment_status":"open","ping_status":"closed","template":"","meta":{"_acf_changed":false,"_et_pb_use_builder":"","_et_pb_old_content":"","_et_gb_content_width":""},"product_brand":[],"product_cat":[154],"product_tag":[],"class_list":{"0":"post-10462","1":"product","2":"type-product","3":"status-publish","4":"has-post-thumbnail","6":"product_cat-accesorios","8":"first","9":"instock","10":"taxable","11":"shipping-taxable","12":"purchasable","13":"product-type-simple"},"acf":[],"_links":{"self":[{"href":"https:\/\/grupo-sintese.com\/es\/wp-json\/wp\/v2\/product\/10462","targetHints":{"allow":["GET"]}}],"collection":[{"href":"https:\/\/grupo-sintese.com\/es\/wp-json\/wp\/v2\/product"}],"about":[{"href":"https:\/\/grupo-sintese.com\/es\/wp-json\/wp\/v2\/types\/product"}],"replies":[{"embeddable":true,"href":"https:\/\/grupo-sintese.com\/es\/wp-json\/wp\/v2\/comments?post=10462"}],"wp:featuredmedia":[{"embeddable":true,"href":"https:\/\/grupo-sintese.com\/es\/wp-json\/wp\/v2\/media\/10558"}],"wp:attachment":[{"href":"https:\/\/grupo-sintese.com\/es\/wp-json\/wp\/v2\/media?parent=10462"}],"wp:term":[{"taxonomy":"product_brand","embeddable":true,"href":"https:\/\/grupo-sintese.com\/es\/wp-json\/wp\/v2\/product_brand?post=10462"},{"taxonomy":"product_cat","embeddable":true,"href":"https:\/\/grupo-sintese.com\/es\/wp-json\/wp\/v2\/product_cat?post=10462"},{"taxonomy":"product_tag","embeddable":true,"href":"https:\/\/grupo-sintese.com\/es\/wp-json\/wp\/v2\/product_tag?post=10462"}],"curies":[{"name":"wp","href":"https:\/\/api.w.org\/{rel}","templated":true}]}}