{"id":4856,"date":"2022-09-26T20:41:12","date_gmt":"2022-09-26T20:41:12","guid":{"rendered":"https:\/\/lojadeescadas.com.br\/termos-e-condicoes\/"},"modified":"2024-04-12T20:13:09","modified_gmt":"2024-04-12T20:13:09","slug":"termos-e-condicoes","status":"publish","type":"page","link":"https:\/\/grupo-sintese.com\/es\/termos-e-condicoes\/","title":{"rendered":"Condiciones generales"},"content":{"rendered":"<p>[et_pb_section fb_built=\u00bb1&#8243; _builder_version=\u00bb4.18.0&#8243; _module_preset=\u00bbdefault\u00bb background_color=\u00bb#2F2F2F\u00bb da_disable_devices=\u00bboff|off|off\u00bb global_colors_info=\u00bb{}\u00bb da_is_popup=\u00bboff\u00bb da_exit_intent=\u00bboff\u00bb da_has_close=\u00bbon\u00bb da_alt_close=\u00bboff\u00bb da_dark_close=\u00bboff\u00bb da_not_modal=\u00bbon\u00bb da_is_singular=\u00bboff\u00bb da_with_loader=\u00bboff\u00bb da_has_shadow=\u00bbon\u00bb][et_pb_row admin_label=\u00bbfila\u00bb _builder_version=\u00bb4.16&#8243; background_size=\u00bbinitial\u00bb background_position=\u00bbtop_left\u00bb background_repeat=\u00bbrepeat\u00bb module_alignment=\u00bbcenter\u00bb custom_margin=\u00bb||||false|false\u00bb custom_padding=\u00bb0px||0px|||\u00bb locked=\u00bboff\u00bb global_colors_info=\u00bb{}\u00bb][et_pb_column type=\u00bb4_4&#8243; _builder_version=\u00bb4.16&#8243; custom_padding=\u00bb|||\u00bb global_colors_info=\u00bb{}\u00bb custom_padding__hover=\u00bb|||\u00bb][et_pb_text admin_label=\u00bbText\u00bb _builder_version=\u00bb4.24.2&#8243; text_text_color=\u00bb#FFFFFF\u00bb text_font_size=\u00bb16px\u00bb text_line_height=\u00bb1.6em\u00bb header_font=\u00bbRajdhani|700|||||||\u00bb header_text_align=\u00bbcenter\u00bb header_text_color=\u00bb#FFFFFF\u00bb header_font_size=\u00bb45px\u00bb header_line_height=\u00bb1.1em\u00bb header_2_font=\u00bb|700|||||||\u00bb header_2_text_color=\u00bb#FFFFFF\u00bb header_2_font_size=\u00bb38px\u00bb header_2_line_height=\u00bb1.1em\u00bb header_3_font=\u00bb|700|||||||\u00bb header_3_text_color=\u00bb#FFFFFF\u00bb header_3_font_size=\u00bb30px\u00bb header_3_line_height=\u00bb1.1em\u00bb header_4_font=\u00bb|600|||||||\u00bb header_4_text_color=\u00bb#FFFFFF\u00bb header_4_font_size=\u00bb26px\u00bb header_4_line_height=\u00bb1.1em\u00bb header_5_font=\u00bb|600|||||||\u00bb header_5_font_size=\u00bb22px\u00bb header_5_line_height=\u00bb1.1em\u00bb header_6_font=\u00bb|600|||||||\u00bb header_6_font_size=\u00bb18px\u00bb header_6_line_height=\u00bb1.1em\u00bb hover_enabled=\u00bb0&#8243; header_font_size_tablet=\u00bb45px\u00bb header_font_size_phone=\u00bb30px\u00bb header_font_size_last_edited=\u00bbon|phone\u00bb header_2_font_size_tablet=\u00bb38px\u00bb header_2_font_size_phone=\u00bb26px\u00bb header_2_font_size_last_edited=\u00bbon|phone\u00bb header_3_font_size_tablet=\u00bb30px\u00bb header_3_font_size_phone=\u00bb24px\u00bb header_3_font_size_last_edited=\u00bbon|phone\u00bb header_4_font_size_tablet=\u00bb26px\u00bb header_4_font_size_phone=\u00bb20px\u00bb header_4_font_size_last_edited=\u00bbon|phone\u00bb header_5_font_size_tablet=\u00bb22px\u00bb header_5_font_size_phone=\u00bb18px\u00bb header_5_font_size_last_edited=\u00bbon|phone\u00bb header_6_font_size_tablet=\u00bb18px\u00bb header_6_font_size_phone=\u00bb16px\u00bb header_6_font_size_last_edited=\u00bbon|phone\u00bb global_colors_info=\u00bb{}\u00bb sticky_enabled=\u00bb0&#8243;]<\/p>\n<h1>CONDICIONES DE USO &#8211; RESUMEN DE ESCALERAS<\/h1>\n<p>&nbsp;<\/p>\n<p>Esta pol\u00edtica de condiciones de uso es v\u00e1lida desde diciembre de 2022.<\/p>\n<p>S\u00cdNTESE ESCADAS, persona jur\u00eddica de derecho privado, describe las normas de uso del sitio web lojadeescadas.com.br y de cualquier otro sitio web, tienda o aplicaci\u00f3n operada por el titular.<\/p>\n<p>Al navegar por este sitio web, consideramos que acepta las Condiciones de uso que figuran a continuaci\u00f3n.<\/p>\n<p>Si no est\u00e1 de acuerdo con las condiciones de este contrato, no utilice este sitio web, no se registre ni nos env\u00ede sus datos personales.<\/p>\n<p>Si modificamos nuestras Condiciones de uso, publicaremos el nuevo texto en este sitio web, con la fecha de revisi\u00f3n actualizada. Podemos modificar este documento en cualquier momento. En caso de que se produzca un cambio significativo en las condiciones de este contrato, podremos notific\u00e1rselo a trav\u00e9s de las notificaciones de contacto de nuestra base de datos o mediante avisos.<\/p>\n<p>El uso de este sitio web despu\u00e9s de los cambios significa que usted ha aceptado las Condiciones de uso revisadas. Si, tras leer la versi\u00f3n revisada, no est\u00e1 de acuerdo con sus t\u00e9rminos, le rogamos que ponga fin a su acceso.<\/p>\n<p>&nbsp;<\/p>\n<ul>\n<ul>\n<li>\n<h3>Secci\u00f3n 1 &#8211; Usuario<\/h3>\n<p style=\"padding-left: 40px;\">La utilizaci\u00f3n de este sitio web atribuye autom\u00e1ticamente la condici\u00f3n de Usuario e implica la aceptaci\u00f3n plena de todas las directrices y condiciones incluidas en las presentes Condiciones.<\/p>\n<\/li>\n<\/ul>\n<\/ul>\n<ul>\n<ul>\n<li>\n<h3>Secci\u00f3n 2 &#8211; Adhesi\u00f3n a la pol\u00edtica de privacidad<\/h3>\n<p style=\"padding-left: 40px;\">El uso de este sitio web implica la adhesi\u00f3n a estas Condiciones de Uso y a la versi\u00f3n m\u00e1s actualizada de la Pol\u00edtica de Privacidad de S\u00cdNTESE ESCADAS.<\/p>\n<\/li>\n<\/ul>\n<\/ul>\n<ul>\n<ul>\n<li>\n<h3>Secci\u00f3n 3 &#8211; Condiciones de acceso<\/h3>\n<p style=\"padding-left: 40px;\">Con car\u00e1cter general, el acceso a la web de S\u00cdNTESE ESCADAS es gratuito y no exige previa inscripci\u00f3n o registro.<\/p>\n<p style=\"padding-left: 40px;\">Sin embargo, para aprovechar algunas funciones, es posible que los usuarios tengan que registrarse, creando una cuenta de usuario con su propio nombre de usuario y contrase\u00f1a.<\/p>\n<p style=\"padding-left: 40px;\">Es responsabilidad exclusiva del usuario proporcionar \u00fanicamente informaci\u00f3n correcta, aut\u00e9ntica, v\u00e1lida, completa y actualizada, y no revelar su nombre de usuario y contrase\u00f1a a terceros.<\/p>\n<p style=\"padding-left: 40px;\">Algunas partes de este sitio web ofrecen a los usuarios la opci\u00f3n de publicar comentarios en determinadas \u00e1reas. S\u00cdNTESE ESCADAS no consiente la publicaci\u00f3n de contenidos discriminatorios, ofensivos o il\u00edcitos, o que infrinjan derechos de autor o cualesquiera otros derechos de terceros.<\/p>\n<p style=\"padding-left: 40px;\">La publicaci\u00f3n de cualquier contenido por parte del usuario de este sitio web, incluyendo mensajes y comentarios, implica una licencia no exclusiva, irrevocable e irreversible para su uso, reproducci\u00f3n y publicaci\u00f3n por parte de S\u00cdNTESE ESCADAS en su sitio web, plataformas de internet y aplicaciones, o en otras plataformas, sin restricci\u00f3n o limitaci\u00f3n alguna.<\/p>\n<\/li>\n<\/ul>\n<\/ul>\n<ul>\n<ul>\n<li>\n<h3>Secci\u00f3n 4 &#8211; Cookies<\/h3>\n<p style=\"padding-left: 40px;\">La informaci\u00f3n sobre su uso de este sitio web puede recopilarse utilizando cookies. Las cookies son fragmentos de informaci\u00f3n que se almacenan directamente en el ordenador que est\u00e1 utilizando. Las cookies permiten recoger informaci\u00f3n como el tipo de navegador, el tiempo de permanencia en el sitio web, las p\u00e1ginas visitadas, las preferencias de idioma y otros datos an\u00f3nimos sobre el tr\u00e1fico. Nosotros y nuestros proveedores de servicios utilizamos la informaci\u00f3n para la protecci\u00f3n de la seguridad, con el fin de facilitar la navegaci\u00f3n, mostrar la informaci\u00f3n de manera m\u00e1s eficiente y personalizar su experiencia al utilizar este sitio web, as\u00ed como para el seguimiento en l\u00ednea. Tambi\u00e9n recopilamos informaci\u00f3n estad\u00edstica sobre el uso del sitio web para mejorar continuamente nuestro dise\u00f1o y funcionalidad, comprender c\u00f3mo se utiliza el sitio web y ayudarle a resolver problemas relevantes.<\/p>\n<p style=\"padding-left: 40px;\">Si no desea que su informaci\u00f3n se recopile a trav\u00e9s de cookies, existe un procedimiento sencillo en la mayor\u00eda de los navegadores que permite rechazar autom\u00e1ticamente las cookies, o le da la opci\u00f3n de aceptar o rechazar la transferencia de una cookie (o cookies) espec\u00edfica de un sitio web concreto a su ordenador. Sin embargo, esto puede acarrear inconvenientes a la hora de utilizar el sitio web.<\/p>\n<p style=\"padding-left: 40px;\">La configuraci\u00f3n que elija puede afectar a su experiencia de navegaci\u00f3n y al funcionamiento que requiere el uso de cookies. En este sentido, declinamos toda responsabilidad por las consecuencias derivadas del funcionamiento limitado de este sitio web causado por la desactivaci\u00f3n de las cookies en su dispositivo (incapacidad para establecer o leer una cookie).<\/p>\n<\/li>\n<\/ul>\n<\/ul>\n<ul>\n<ul>\n<li>\n<h3>Secci\u00f3n 5 &#8211; Propiedad intelectual<\/h3>\n<p style=\"padding-left: 40px;\">Todos los elementos de S\u00cdNTESE ESCADAS son propiedad intelectual de la empresa o de sus licenciantes. Estas Condiciones o su uso del sitio web no le otorgan ninguna licencia o derecho de uso de los derechos de propiedad intelectual de S\u00cdNTESE ESCADAS o de terceros.<\/p>\n<\/li>\n<\/ul>\n<\/ul>\n<ul>\n<ul>\n<li>\n<h3>Secci\u00f3n 6 &#8211; Enlaces a sitios de terceros<\/h3>\n<p style=\"padding-left: 40px;\">Este sitio web puede, de vez en cuando, contener enlaces de hipertexto que le redirigir\u00e1n a los sitios web de las redes de nuestros socios, anunciantes, proveedores, etc. Si hace clic en uno de estos enlaces a cualquiera de estos sitios, recuerde que cada sitio tiene sus propias pr\u00e1cticas de privacidad y que no somos responsables de estas pol\u00edticas. Consulte estas pol\u00edticas antes de enviar cualquier dato personal a estos sitios.<\/p>\n<p style=\"padding-left: 40px;\">No somos responsables de las pol\u00edticas y pr\u00e1cticas de recopilaci\u00f3n, uso y divulgaci\u00f3n (incluidas las pr\u00e1cticas de protecci\u00f3n de datos) de otras organizaciones, como Facebook, Apple, Google, Microsoft o cualquier otro desarrollador de software o proveedor de aplicaciones, tienda de medios sociales, sistema operativo, proveedor de servicios inal\u00e1mbricos de Internet o fabricante de dispositivos, incluidos los Datos Personales que usted revele a otras organizaciones a trav\u00e9s de las aplicaciones, en relaci\u00f3n con dichas aplicaciones, o que publique en nuestras p\u00e1ginas de medios sociales. Le recomendamos que se informe sobre la pol\u00edtica de privacidad y las condiciones de uso de cada sitio web que visite o proveedor de servicios que utilice.<\/p>\n<\/li>\n<\/ul>\n<\/ul>\n<ul>\n<ul>\n<li>\n<h3>Secci\u00f3n 7 &#8211; Plazos y modificaciones<\/h3>\n<p style=\"padding-left: 40px;\">Este sitio web funcionar\u00e1 por tiempo indefinido.<\/p>\n<p style=\"padding-left: 40px;\">El sitio web en su conjunto, o en cada una de sus secciones, podr\u00e1 ser cerrado, suspendido o interrumpido unilateralmente por S\u00cdNTESE ESCADAS, en cualquier momento y sin previo aviso.<\/p>\n<\/li>\n<\/ul>\n<\/ul>\n<ul>\n<ul>\n<ul>\n<li>\n<h3>Secci\u00f3n 8 &#8211; Datos personales<\/h3>\n<p style=\"padding-left: 40px;\">Durante el uso de este sitio web, ciertos datos personales ser\u00e1n recogidos y tratados por S\u00cdNTESE ESCADAS y\/o sus Socios. Las normas relativas al tratamiento de datos personales por parte de S\u00cdNTESE ESCADAS se recogen en la Pol\u00edtica de Privacidad.<\/p>\n<\/li>\n<\/ul>\n<\/ul>\n<\/ul>\n<ul>\n<ul>\n<li>\n<h3>Secci\u00f3n 9 &#8211; Contacto<\/h3>\n<p style=\"padding-left: 40px;\">Si tiene alguna pregunta sobre las Condiciones de uso, p\u00f3ngase en contacto con comercial@sinteseescadas.com.br.<\/p>\n<\/li>\n<\/ul>\n<\/ul>\n<p>[\/et_pb_text][\/et_pb_column][\/et_pb_row][\/et_pb_section]<\/p>\n","protected":false},"excerpt":{"rendered":"<p>CONDICIONES DE USO &#8211; RESUMEN DE ESCALERAS &nbsp; Esta pol\u00edtica de condiciones de uso es v\u00e1lida desde diciembre de 2022. S\u00cdNTESE ESCADAS, persona jur\u00eddica de derecho privado, describe las normas de uso del sitio web lojadeescadas.com.br y de cualquier otro sitio web, tienda o aplicaci\u00f3n operada por el titular. Al navegar por este sitio web, [&hellip;]<\/p>\n","protected":false},"author":1,"featured_media":0,"parent":0,"menu_order":0,"comment_status":"closed","ping_status":"closed","template":"","meta":{"_acf_changed":false,"_et_pb_use_builder":"on","_et_pb_old_content":"","_et_gb_content_width":"","footnotes":""},"class_list":["post-4856","page","type-page","status-publish","hentry"],"acf":[],"_links":{"self":[{"href":"https:\/\/grupo-sintese.com\/es\/wp-json\/wp\/v2\/pages\/4856","targetHints":{"allow":["GET"]}}],"collection":[{"href":"https:\/\/grupo-sintese.com\/es\/wp-json\/wp\/v2\/pages"}],"about":[{"href":"https:\/\/grupo-sintese.com\/es\/wp-json\/wp\/v2\/types\/page"}],"author":[{"embeddable":true,"href":"https:\/\/grupo-sintese.com\/es\/wp-json\/wp\/v2\/users\/1"}],"replies":[{"embeddable":true,"href":"https:\/\/grupo-sintese.com\/es\/wp-json\/wp\/v2\/comments?post=4856"}],"version-history":[{"count":0,"href":"https:\/\/grupo-sintese.com\/es\/wp-json\/wp\/v2\/pages\/4856\/revisions"}],"wp:attachment":[{"href":"https:\/\/grupo-sintese.com\/es\/wp-json\/wp\/v2\/media?parent=4856"}],"curies":[{"name":"wp","href":"https:\/\/api.w.org\/{rel}","templated":true}]}}