{"id":12782,"date":"2024-02-19T19:37:48","date_gmt":"2024-02-19T22:37:48","guid":{"rendered":"https:\/\/lojadeescadas.com.br\/?page_id=12782"},"modified":"2026-03-11T15:25:04","modified_gmt":"2026-03-11T18:25:04","slug":"catalogo-epi","status":"publish","type":"page","link":"https:\/\/grupo-sintese.com\/es\/catalogo-epi\/","title":{"rendered":"Cat\u00e1logo Epi"},"content":{"rendered":"<p>[et_pb_section fb_built=\u00bb1&#8243; _builder_version=\u00bb4.27.6&#8243; _module_preset=\u00bbdefault\u00bb use_background_color_gradient=\u00bbon\u00bb background_color_gradient_direction=\u00bb93deg\u00bb background_color_gradient_stops=\u00bb#000000 0%|rgba(41,196,169,0) 100%\u00bb background_color_gradient_overlays_image=\u00bbon\u00bb background_color_gradient_start=\u00bb#000000&#8243; background_color_gradient_end=\u00bbrgba(41,196,169,0)\u00bb background_image=\u00bbhttps:\/\/grupo-sintese.com\/wp-content\/uploads\/2026\/02\/arte_para_box_truss_04-scaled.png\u00bb min_height=\u00bb100vh\u00bb custom_padding=\u00bb0px||25px||false|false\u00bb hover_enabled=\u00bb0&#8243; background_last_edited=\u00bbon|phone\u00bb background_position_tablet=\u00bbcenter\u00bb da_disable_devices=\u00bboff|off|off\u00bb global_colors_info=\u00bb{}\u00bb sticky_enabled=\u00bb0&#8243; title_text=\u00bbarte_para_box_truss_04&#8243; da_is_popup=\u00bboff\u00bb da_exit_intent=\u00bboff\u00bb da_has_close=\u00bbon\u00bb da_alt_close=\u00bboff\u00bb da_dark_close=\u00bboff\u00bb da_not_modal=\u00bbon\u00bb da_is_singular=\u00bboff\u00bb da_with_loader=\u00bboff\u00bb da_has_shadow=\u00bbon\u00bb][et_pb_row _builder_version=\u00bb4.16&#8243; _module_preset=\u00bbdefault\u00bb global_colors_info=\u00bb{}\u00bb][et_pb_column type=\u00bb4_4&#8243; _builder_version=\u00bb4.16&#8243; _module_preset=\u00bbdefault\u00bb global_colors_info=\u00bb{}\u00bb][et_pb_image src=\u00bbhttps:\/\/grupo-sintese.com\/wp-content\/uploads\/2026\/02\/logo_sintese_epis_texto_branco.png\u00bb title_text=\u00bblogo_sintese_epis_texto_branco\u00bb url=\u00bb@ET-DC@eyJkeW5hbWljIjp0cnVlLCJjb250ZW50IjoiaG9tZV91cmwiLCJzZXR0aW5ncyI6e319@\u00bb align=\u00bbcenter\u00bb _builder_version=\u00bb4.27.6&#8243; _dynamic_attributes=\u00bburl\u00bb _module_preset=\u00bbdefault\u00bb width=\u00bb23%\u00bb width_tablet=\u00bb\u00bb width_phone=\u00bb70%\u00bb width_last_edited=\u00bbon|phone\u00bb max_width_tablet=\u00bb200px\u00bb max_width_phone=\u00bb200px\u00bb max_width_last_edited=\u00bbon|phone\u00bb hover_enabled=\u00bb0&#8243; global_colors_info=\u00bb{}\u00bb sticky_enabled=\u00bb0&#8243;][\/et_pb_image][\/et_pb_column][\/et_pb_row][et_pb_row column_structure=\u00bb1_2,1_2&#8243; make_equal=\u00bbon\u00bb custom_padding_last_edited=\u00bbon|tablet\u00bb _builder_version=\u00bb4.16&#8243; _module_preset=\u00bbdefault\u00bb custom_padding=\u00bb6px||||false|false\u00bb custom_padding_tablet=\u00bb30px||||false|false\u00bb custom_padding_phone=\u00bb10px||||false|false\u00bb global_colors_info=\u00bb{}\u00bb][et_pb_column type=\u00bb1_2&#8243; module_class=\u00bbvertical-align\u00bb _builder_version=\u00bb4.16&#8243; _module_preset=\u00bbdefault\u00bb global_colors_info=\u00bb{}\u00bb][et_pb_text _builder_version=\u00bb4.24.1&#8243; _module_preset=\u00bbdefault\u00bb text_text_color=\u00bb#FFFFFF\u00bb text_font_size=\u00bb20px\u00bb header_2_font=\u00bb|700||on|||||\u00bb header_2_text_align=\u00bbleft\u00bb header_2_text_color=\u00bb#FFFFFF\u00bb header_2_font_size=\u00bb50px\u00bb text_orientation=\u00bbjustified\u00bb header_2_text_align_tablet=\u00bbcenter\u00bb header_2_text_align_phone=\u00bbcenter\u00bb header_2_text_align_last_edited=\u00bbon|phone\u00bb header_2_font_size_tablet=\u00bb30px\u00bb header_2_font_size_phone=\u00bb30px\u00bb header_2_font_size_last_edited=\u00bbon|tablet\u00bb text_orientation_tablet=\u00bbcenter\u00bb text_orientation_phone=\u00bb\u00bb text_orientation_last_edited=\u00bbon|tablet\u00bb global_colors_info=\u00bb{}\u00bb]<\/p>\n<h2><span>Descubra nuestra gama de EPI<\/span><\/h2>\n<p>Synthesis Ladders ofrece ahora EPI de alta calidad.<br \/>\n<span><\/span><\/p>\n<p><span>\u00a1Rellena nuestro formulario y echa un vistazo a todos los modelos de nuestro cat\u00e1logo!<\/span>[\/et_pb_text][et_pb_image src=\u00bbhttps:\/\/grupo-sintese.com\/wp-content\/uploads\/2026\/02\/mockup-epi-att-sem-bg-2-2.png\u00bb title_text=\u00bbmockup-epi-att-sem-bg-2&#8243; _builder_version=\u00bb4.27.6&#8243; _module_preset=\u00bbdefault\u00bb hover_enabled=\u00bb0&#8243; global_colors_info=\u00bb{}\u00bb sticky_enabled=\u00bb0&#8243;][\/et_pb_image][\/et_pb_column][et_pb_column type=\u00bb1_2&#8243; module_class=\u00bbvertical-align\u00bb _builder_version=\u00bb4.16&#8243; _module_preset=\u00bbdefault\u00bb global_colors_info=\u00bb{}\u00bb][et_pb_text _builder_version=\u00bb4.16&#8243; _module_preset=\u00bbdefault\u00bb header_2_font=\u00bb|700||on|||||\u00bb header_2_text_color=\u00bb#FFFFFF\u00bb header_2_line_height=\u00bb1.3em\u00bb custom_padding_tablet=\u00bb\u00bb custom_padding_phone=\u00bb||0px||false|false\u00bb custom_padding_last_edited=\u00bbon|phone\u00bb header_2_font_size_tablet=\u00bb\u00bb header_2_font_size_phone=\u00bb22px\u00bb header_2_font_size_last_edited=\u00bbon|phone\u00bb text_orientation_tablet=\u00bbcenter\u00bb text_orientation_phone=\u00bb\u00bb text_orientation_last_edited=\u00bbon|tablet\u00bb global_colors_info=\u00bb{}\u00bb]<\/p>\n<h2>REG\u00cdSTRATE Y NUESTROS VENDEDORES SE PONDR\u00c1N EN CONTACTO CONTIGO.<\/h2>\n<p>[\/et_pb_text][dsm_contact_form_7 cf7_library=\u00bb12197&#8243; show_validation=\u00bbon\u00bb validation_error_background_color=\u00bb#E02B20&#8243; validation_success_background_color=\u00bb#7CDA24&#8243; _builder_version=\u00bb4.25.1&#8243; _module_preset=\u00bbdefault\u00bb labels_text_color=\u00bb#FFFFFF\u00bb input_textarea_select_text_color=\u00bb#000000&#8243; error_msg_text_color=\u00bb#E9541D\u00bb error_validation_text_color=\u00bb#FFFFFF\u00bb success_validation_text_color=\u00bb#FFFFFF\u00bb custom_button_one=\u00bbon\u00bb button_one_text_size=\u00bb20px\u00bb button_one_text_color=\u00bb#FFFFFF\u00bb button_one_bg_color=\u00bb#f05423&#8243; button_one_bg_use_color_gradient=\u00bbon\u00bb button_one_bg_color_gradient_stops=\u00bb#f49716 0%|#e9541d 100%\u00bb button_one_border_width=\u00bb0px\u00bb button_one_font=\u00bbRajdhani|600|||||||\u00bb button_one_use_icon=\u00bboff\u00bb custom_padding_tablet=\u00bb\u00bb custom_padding_phone=\u00bb0px||||false|false\u00bb custom_padding_last_edited=\u00bbon|phone\u00bb labels_text_align_tablet=\u00bbleft\u00bb labels_text_align_phone=\u00bb\u00bb labels_text_align_last_edited=\u00bbon|tablet\u00bb border_color_all_error_validation=\u00bb#E02B20&#8243; border_color_all_validation_success=\u00bb#7CDA24&#8243; global_colors_info=\u00bb{}\u00bb button_one_bg_color__hover_enabled=\u00bbon|hover\u00bb button_one_bg_color__hover=\u00bb#f05423&#8243; button_one_bg_color_gradient_stops__hover=\u00bb#4f4f4f 0%|#151515 100%\u00bb button_one_bg_use_color_gradient__hover=\u00bbon\u00bb][\/dsm_contact_form_7][\/et_pb_column][\/et_pb_row][et_pb_row _builder_version=\u00bb4.19.2&#8243; _module_preset=\u00bbdefault\u00bb global_colors_info=\u00bb{}\u00bb][et_pb_column type=\u00bb4_4&#8243; _builder_version=\u00bb4.19.2&#8243; _module_preset=\u00bbdefault\u00bb global_colors_info=\u00bb{}\u00bb][et_pb_button button_url=\u00bb@ET-DC@eyJkeW5hbWljIjp0cnVlLCJjb250ZW50IjoiaG9tZV91cmwiLCJzZXR0aW5ncyI6e319@\u00bb button_text=\u00bbVolver a la p\u00e1gina principal\u00bb button_alignment=\u00bbcenter\u00bb button_alignment_tablet=\u00bbcenter\u00bb button_alignment_phone=\u00bbcenter\u00bb button_alignment_last_edited=\u00bbon|tablet\u00bb _builder_version=\u00bb4.19.2&#8243; _dynamic_attributes=\u00bbbutton_url\u00bb _module_preset=\u00bbdefault\u00bb custom_button=\u00bbon\u00bb button_text_size=\u00bb20px\u00bb button_text_color=\u00bb#FFFFFF\u00bb button_bg_use_color_gradient=\u00bbon\u00bb button_bg_color_gradient_stops=\u00bb#f49716 0%|#e9541d 100%\u00bb button_border_width=\u00bb0px\u00bb button_font=\u00bbRajdhani|600|||||||\u00bb button_use_icon=\u00bboff\u00bb locked=\u00bboff\u00bb global_colors_info=\u00bb{}\u00bb button_bg_color__hover_enabled=\u00bbon|desktop\u00bb button_bg_color_gradient_stops__hover=\u00bb#4f4f4f 1%|#151515 100%\u00bb button_bg_use_color_gradient__hover=\u00bbon\u00bb][\/et_pb_button][\/et_pb_column][\/et_pb_row][\/et_pb_section][et_pb_section fb_built=\u00bb1&#8243; _builder_version=\u00bb4.16&#8243; _module_preset=\u00bbdefault\u00bb background_color=\u00bb#232323&#8243; custom_padding=\u00bb0px||0px|||\u00bb da_disable_devices=\u00bboff|off|off\u00bb global_colors_info=\u00bb{}\u00bb da_is_popup=\u00bboff\u00bb da_exit_intent=\u00bboff\u00bb da_has_close=\u00bbon\u00bb da_alt_close=\u00bboff\u00bb da_dark_close=\u00bboff\u00bb da_not_modal=\u00bbon\u00bb da_is_singular=\u00bboff\u00bb da_with_loader=\u00bboff\u00bb da_has_shadow=\u00bbon\u00bb][et_pb_row _builder_version=\u00bb4.16&#8243; _module_preset=\u00bbdefault\u00bb custom_padding=\u00bb6px||10px|||\u00bb global_colors_info=\u00bb{}\u00bb][et_pb_column type=\u00bb4_4&#8243; _builder_version=\u00bb4.16&#8243; _module_preset=\u00bbdefault\u00bb global_colors_info=\u00bb{}\u00bb][et_pb_text _builder_version=\u00bb4.16&#8243; _module_preset=\u00bbdefault\u00bb text_text_color=\u00bb#FFFFFF\u00bb link_text_color=\u00bb#FFFFFF\u00bb text_orientation=\u00bbcenter\u00bb global_colors_info=\u00bb{}\u00bb]<\/p>\n<p><span>Desarrollado por <a href=\"https:\/\/galpao33.com.br\/\" target=\"_blank\" rel=\"noopener\">Galp\u00e3o33<\/a> Comunica\u00e7\u00e3o e Marketing<\/span><\/p>\n<p>[\/et_pb_text][\/et_pb_column][\/et_pb_row][\/et_pb_section]<\/p>\n","protected":false},"excerpt":{"rendered":"<p>Descubra nuestra gama de EPI Synthesis Ladders ofrece ahora EPI de alta calidad. \u00a1Rellena nuestro formulario y echa un vistazo a todos los modelos de nuestro cat\u00e1logo!REG\u00cdSTRATE Y NUESTROS VENDEDORES SE PONDR\u00c1N EN CONTACTO CONTIGO.<div class=\"et_pb_module dsm_contact_form_7 dsm_contact_form_7_0\">\n\t\t\t\t\n\t\t\t\t\n\t\t\t\t\n\t\t\t\t\n\t\t\t\t\n\t\t\t\t\n\t\t\t\t<div class=\"et_pb_module_inner\">\n\t\t\t\t\t<div class=\"\">\n\t\t\t\t<p class=\"wpcf7-contact-form-not-found\"><strong>Error:<\/strong> Formulario de contacto no encontrado.<\/p>\n\t\t\t<\/div>\n\t\t\t\t<\/div>\n\t\t\t<\/div><\/p>\n","protected":false},"author":1,"featured_media":0,"parent":0,"menu_order":0,"comment_status":"closed","ping_status":"closed","template":"page-template-blank.php","meta":{"_acf_changed":false,"_et_pb_use_builder":"on","_et_pb_old_content":"","_et_gb_content_width":"","footnotes":""},"class_list":["post-12782","page","type-page","status-publish","hentry"],"acf":[],"_links":{"self":[{"href":"https:\/\/grupo-sintese.com\/es\/wp-json\/wp\/v2\/pages\/12782","targetHints":{"allow":["GET"]}}],"collection":[{"href":"https:\/\/grupo-sintese.com\/es\/wp-json\/wp\/v2\/pages"}],"about":[{"href":"https:\/\/grupo-sintese.com\/es\/wp-json\/wp\/v2\/types\/page"}],"author":[{"embeddable":true,"href":"https:\/\/grupo-sintese.com\/es\/wp-json\/wp\/v2\/users\/1"}],"replies":[{"embeddable":true,"href":"https:\/\/grupo-sintese.com\/es\/wp-json\/wp\/v2\/comments?post=12782"}],"version-history":[{"count":3,"href":"https:\/\/grupo-sintese.com\/es\/wp-json\/wp\/v2\/pages\/12782\/revisions"}],"predecessor-version":[{"id":28684,"href":"https:\/\/grupo-sintese.com\/es\/wp-json\/wp\/v2\/pages\/12782\/revisions\/28684"}],"wp:attachment":[{"href":"https:\/\/grupo-sintese.com\/es\/wp-json\/wp\/v2\/media?parent=12782"}],"curies":[{"name":"wp","href":"https:\/\/api.w.org\/{rel}","templated":true}]}}